{"id":1143,"date":"2015-11-02T15:11:05","date_gmt":"2015-11-02T13:11:05","guid":{"rendered":"https:\/\/www.olympiangreen.com\/private-label\/bulk\/"},"modified":"2018-03-22T17:20:12","modified_gmt":"2018-03-22T15:20:12","slug":"a-granel","status":"publish","type":"page","link":"https:\/\/www.olympiangreen.com.br\/pt-br\/marca-propria\/a-granel\/","title":{"rendered":"A GRANEL"},"content":{"rendered":"<h1><strong><span style=\"color: #99cc00;\">AZEITE DE OLIVA EXTRAVIRGEM A GRANEL<\/span><\/strong><\/h1>\n<p>A Olympian Green \u00e9 uma das maiores fornecedoras de azeite de oliva extravirgem a granel do mundo. O azeite de oliva extravirgem (EVOO) a granel, caracterizado por um alto n\u00edvel de \u00e1cido ol\u00e9ico, \u00e9 obtido a partir da primeira prensa de 100% das azeitonas da variedade Koroneiki e \u00e9 deixado em seu estado natural, n\u00e3o refinado. A apar\u00eancia \u00e9 uma colora\u00e7\u00e3o verde escura com um aroma caracter\u00edstico. Oferece um \u00f3timo sabor e paladar agrad\u00e1vel.<\/p>\n<p>&nbsp;<\/p>\n<h1><img loading=\"lazy\" decoding=\"async\" data-attachment-id=\"131\" data-permalink=\"https:\/\/www.olympiangreen.com.br\/private-label\/bulk\/pgi-logo\/#main\" data-orig-file=\"https:\/\/www.olympiangreen.com.br\/wp-content\/uploads\/2015\/11\/PGI-Logo.png\" data-orig-size=\"300,300\" data-comments-opened=\"0\" data-image-meta=\"{&quot;aperture&quot;:&quot;0&quot;,&quot;credit&quot;:&quot;&quot;,&quot;camera&quot;:&quot;&quot;,&quot;caption&quot;:&quot;&quot;,&quot;created_timestamp&quot;:&quot;0&quot;,&quot;copyright&quot;:&quot;&quot;,&quot;focal_length&quot;:&quot;0&quot;,&quot;iso&quot;:&quot;0&quot;,&quot;shutter_speed&quot;:&quot;0&quot;,&quot;title&quot;:&quot;&quot;,&quot;orientation&quot;:&quot;0&quot;}\" data-image-title=\"PGI-Logo\" data-image-description=\"\" data-image-caption=\"\" data-medium-file=\"https:\/\/www.olympiangreen.com.br\/wp-content\/uploads\/2015\/11\/PGI-Logo.png\" data-large-file=\"https:\/\/www.olympiangreen.com.br\/wp-content\/uploads\/2015\/11\/PGI-Logo.png\" class=\"alignleft size-anemone-thumbnail wp-image-131\" src=\"https:\/\/www.olympiangreen.com.br\/wp-content\/uploads\/2015\/11\/PGI-Logo-150x150.png\" alt=\"PGI-Logo\" width=\"150\" height=\"150\" srcset=\"https:\/\/www.olympiangreen.com.br\/wp-content\/uploads\/2015\/11\/PGI-Logo-150x150.png 150w, https:\/\/www.olympiangreen.com.br\/wp-content\/uploads\/2015\/11\/PGI-Logo-100x100.png 100w, https:\/\/www.olympiangreen.com.br\/wp-content\/uploads\/2015\/11\/PGI-Logo.png 300w\" sizes=\"auto, (max-width: 150px) 100vw, 150px\" \/><strong>Temos orgulho em oferecer este n\u00e9ctar de azeitonas derivado da regi\u00e3o do Peloponeso!<\/strong><\/h1>\n<p>&nbsp;<\/p>\n<p>&nbsp;<\/p>\n<p>O azeite de oliva extravirgem \u00e9 feito simplesmente a partir do esmagamento das azeitonas e extra\u00e7\u00e3o do suco.<\/p>\n<h1><strong>Produtos dispon\u00edveis:<\/strong><\/h1>\n<p><span style=\"color: #99cc00;\">AZEITE DE OLIVA EXTRAVIRGEM<\/span><\/p>\n<p><span style=\"color: #99cc00;\">IGP LAKONIA<\/span><\/p>\n<p><span style=\"color: #99cc00;\">DOP KALAMATA<\/span><\/p>\n<p><span style=\"color: #99cc00;\">DOP SITIA<\/span><\/p>\n<h1><\/h1>\n","protected":false},"excerpt":{"rendered":"<p>AZEITE DE OLIVA EXTRAVIRGEM A GRANEL A Olympian Green \u00e9 uma das maiores&#8230;<\/p>\n","protected":false},"author":1,"featured_media":0,"parent":1140,"menu_order":3,"comment_status":"closed","ping_status":"closed","template":"page-templates\/fullwidth-page.php","meta":{"footnotes":""},"tags":[],"class_list":["post-1143","page","type-page","status-publish","hentry","wow","fadeIn"],"jetpack_sharing_enabled":true,"_links":{"self":[{"href":"https:\/\/www.olympiangreen.com.br\/pt-br\/wp-json\/wp\/v2\/pages\/1143","targetHints":{"allow":["GET"]}}],"collection":[{"href":"https:\/\/www.olympiangreen.com.br\/pt-br\/wp-json\/wp\/v2\/pages"}],"about":[{"href":"https:\/\/www.olympiangreen.com.br\/pt-br\/wp-json\/wp\/v2\/types\/page"}],"author":[{"embeddable":true,"href":"https:\/\/www.olympiangreen.com.br\/pt-br\/wp-json\/wp\/v2\/users\/1"}],"replies":[{"embeddable":true,"href":"https:\/\/www.olympiangreen.com.br\/pt-br\/wp-json\/wp\/v2\/comments?post=1143"}],"version-history":[{"count":0,"href":"https:\/\/www.olympiangreen.com.br\/pt-br\/wp-json\/wp\/v2\/pages\/1143\/revisions"}],"up":[{"embeddable":true,"href":"https:\/\/www.olympiangreen.com.br\/pt-br\/wp-json\/wp\/v2\/pages\/1140"}],"wp:attachment":[{"href":"https:\/\/www.olympiangreen.com.br\/pt-br\/wp-json\/wp\/v2\/media?parent=1143"}],"wp:term":[{"taxonomy":"post_tag","embeddable":true,"href":"https:\/\/www.olympiangreen.com.br\/pt-br\/wp-json\/wp\/v2\/tags?post=1143"}],"curies":[{"name":"wp","href":"https:\/\/api.w.org\/{rel}","templated":true}]}}