{"id":1139,"date":"2015-11-02T15:09:25","date_gmt":"2015-11-02T13:09:25","guid":{"rendered":"https:\/\/www.olympiangreen.com\/ourproducts\/withflavors\/"},"modified":"2019-02-18T11:25:06","modified_gmt":"2019-02-18T09:25:06","slug":"azeite-de-oliva-extravirgem-com-sabores","status":"publish","type":"page","link":"https:\/\/www.olympiangreen.com.br\/pt-br\/nossosprodutos\/azeite-de-oliva-extravirgem-com-sabores\/","title":{"rendered":"AZEITE DE OLIVA EXTRAVIRGEM COM SABORES"},"content":{"rendered":"<h1><img loading=\"lazy\" decoding=\"async\" data-attachment-id=\"1455\" data-permalink=\"https:\/\/www.olympiangreen.com.br\/home\/photo\/#main\" data-orig-file=\"https:\/\/www.olympiangreen.com.br\/wp-content\/uploads\/2018\/09\/photo-e1537788731448.jpg\" data-orig-size=\"2000,1763\" data-comments-opened=\"0\" data-image-meta=\"{&quot;aperture&quot;:&quot;0&quot;,&quot;credit&quot;:&quot;&quot;,&quot;camera&quot;:&quot;&quot;,&quot;caption&quot;:&quot;&quot;,&quot;created_timestamp&quot;:&quot;0&quot;,&quot;copyright&quot;:&quot;&quot;,&quot;focal_length&quot;:&quot;0&quot;,&quot;iso&quot;:&quot;0&quot;,&quot;shutter_speed&quot;:&quot;0&quot;,&quot;title&quot;:&quot;&quot;,&quot;orientation&quot;:&quot;0&quot;}\" data-image-title=\"photo\" data-image-description=\"\" data-image-caption=\"\" data-medium-file=\"https:\/\/www.olympiangreen.com.br\/wp-content\/uploads\/2018\/09\/photo-300x300.jpg\" data-large-file=\"https:\/\/www.olympiangreen.com.br\/wp-content\/uploads\/2018\/09\/photo-1024x903.jpg\" class=\"aligncenter wp-image-1455 size-large\" src=\"https:\/\/www.olympiangreen.com.br\/wp-content\/uploads\/2018\/09\/photo-1024x903.jpg\" alt=\"\" width=\"750\" height=\"661\" \/><\/h1>\n<h1><span style=\"color: #99cc00;\">AZEITE DE OLIVA EXTRAVIRGEM\u00a0OLYMPIAN GREEN OLY OIL sabor trufa negra<\/span><\/h1>\n<p>Um azeite de oliva extravirgem excepcional, com sabor de trufa negra de maneira balanceada, 100% produzido a partir da variedade de azeitonas l\u00edder e robusta Koroneiki, que cresce nas montanhas do Peloponeso, Gr\u00e9cia.<\/p>\n<p>Explore o sabor exclusivo e bem equilibrado do azeite de oliva extravirgem Oly Oil sabor trufa negra em pratos crus como saladas e em receitas que exijam o sabor extra de trufa. Surpreenda seus convidados e sua fam\u00edlia com sua culin\u00e1ria ou seus amigos presenteando-os com o azeite de oliva extravirgem Oly Oil sabor trufa negra!<\/p>\n<p style=\"text-align: right;\">\u00a0Vendas : sales@olympiangreen.com<\/p>\n<p><img loading=\"lazy\" decoding=\"async\" data-attachment-id=\"1947\" data-permalink=\"https:\/\/www.olympiangreen.com.br\/nossosprodutos\/azeite-de-oliva-extravirgem-com-sabores\/shutterstock_334050701-2-2000x800\/#main\" data-orig-file=\"https:\/\/www.olympiangreen.com.br\/wp-content\/uploads\/2019\/02\/shutterstock_334050701-2-2000x800.jpg\" data-orig-size=\"2000,800\" data-comments-opened=\"0\" data-image-meta=\"{&quot;aperture&quot;:&quot;0&quot;,&quot;credit&quot;:&quot;&quot;,&quot;camera&quot;:&quot;&quot;,&quot;caption&quot;:&quot;&quot;,&quot;created_timestamp&quot;:&quot;0&quot;,&quot;copyright&quot;:&quot;&quot;,&quot;focal_length&quot;:&quot;0&quot;,&quot;iso&quot;:&quot;0&quot;,&quot;shutter_speed&quot;:&quot;0&quot;,&quot;title&quot;:&quot;&quot;,&quot;orientation&quot;:&quot;0&quot;}\" data-image-title=\"shutterstock_334050701-2-2000&#215;800\" data-image-description=\"\" data-image-caption=\"\" data-medium-file=\"https:\/\/www.olympiangreen.com.br\/wp-content\/uploads\/2019\/02\/shutterstock_334050701-2-2000x800-300x300.jpg\" data-large-file=\"https:\/\/www.olympiangreen.com.br\/wp-content\/uploads\/2019\/02\/shutterstock_334050701-2-2000x800-1024x410.jpg\" class=\"aligncenter wp-image-1947 size-large\" src=\"https:\/\/www.olympiangreen.com.br\/wp-content\/uploads\/2019\/02\/shutterstock_334050701-2-2000x800-1024x410.jpg\" alt=\"\" width=\"750\" height=\"300\" srcset=\"https:\/\/www.olympiangreen.com.br\/wp-content\/uploads\/2019\/02\/shutterstock_334050701-2-2000x800-1024x410.jpg 1024w, https:\/\/www.olympiangreen.com.br\/wp-content\/uploads\/2019\/02\/shutterstock_334050701-2-2000x800-250x100.jpg 250w, https:\/\/www.olympiangreen.com.br\/wp-content\/uploads\/2019\/02\/shutterstock_334050701-2-2000x800.jpg 2000w\" sizes=\"auto, (max-width: 750px) 100vw, 750px\" \/><\/p>\n<p>&nbsp;<\/p>\n<h1 style=\"text-align: left;\">\n<span style=\"color: #99cc00;\">AZEITE DE OLIVA EXTRAVIRGEM\u00a0OLYMPIAN GREEN OLY OIL sabor lim\u00e3o<\/span><\/h1>\n<p style=\"text-align: left;\">\nUm azeite de oliva extravirgem excepcional sabor lim\u00e3o, 100% produzido a partir da variedade de azeitonas l\u00edder e robusta Koroneiki, que cresce nas montanhas do Peloponeso, Gr\u00e9cia.<\/p>\n<p style=\"text-align: left;\">Aproveite a do\u00e7ura intenda do sabor lim\u00e3o como um complemento perfeito para molhos para saladas, peixes grelhados e molhos e marinados saborosos. Surpreenda seus convidados e sua fam\u00edlia com sua culin\u00e1ria ou seus amigos presenteando-os com o azeite de oliva extravirgem Oly Oil sabor\u00a0lim\u00e3o!<\/p>\n<p style=\"text-align: right;\">Vendas: sales@olympiangreen.com<\/p>\n<h4 style=\"text-align: left;\"><img loading=\"lazy\" decoding=\"async\" data-attachment-id=\"232\" data-permalink=\"https:\/\/www.olympiangreen.com.br\/ourproducts\/withflavors\/shutterstock_139525301-2\/#main\" data-orig-file=\"https:\/\/www.olympiangreen.com.br\/wp-content\/uploads\/2015\/11\/shutterstock_139525301-1.jpg\" data-orig-size=\"4897,3498\" data-comments-opened=\"0\" data-image-meta=\"{&quot;aperture&quot;:&quot;0&quot;,&quot;credit&quot;:&quot;&quot;,&quot;camera&quot;:&quot;&quot;,&quot;caption&quot;:&quot;&quot;,&quot;created_timestamp&quot;:&quot;0&quot;,&quot;copyright&quot;:&quot;&quot;,&quot;focal_length&quot;:&quot;0&quot;,&quot;iso&quot;:&quot;0&quot;,&quot;shutter_speed&quot;:&quot;0&quot;,&quot;title&quot;:&quot;&quot;,&quot;orientation&quot;:&quot;0&quot;}\" data-image-title=\"shutterstock_139525301\" data-image-description=\"\" data-image-caption=\"\" data-medium-file=\"https:\/\/www.olympiangreen.com.br\/wp-content\/uploads\/2015\/11\/shutterstock_139525301-1-300x300.jpg\" data-large-file=\"https:\/\/www.olympiangreen.com.br\/wp-content\/uploads\/2015\/11\/shutterstock_139525301-1-1024x731.jpg\" class=\"wp-image-232 size-anemone-featured-hero aligncenter\" src=\"https:\/\/www.olympiangreen.com.br\/wp-content\/uploads\/2015\/11\/shutterstock_139525301-1-2000x800.jpg\" alt=\"shutterstock_139525301\" width=\"750\" height=\"300\" \/><\/h4>\n<h1 style=\"text-align: left;\">\n<p><span style=\"color: #99cc00;\">AZEITE DE OLIVA EXTRAVIRGEM\u00a0OLYMPIAN GREEN OLY OIL sabor manjeric\u00e3o<\/span><\/h1>\n<p style=\"text-align: left;\">\nUm azeite de oliva extravirgem excepcional sabor manjeric\u00e3o, 100% produzido a partir da variedade de azeitonas l\u00edder e robusta Koroneiki, que cresce nas montanhas do Peloponeso, Gr\u00e9cia.<\/p>\n<p>O azeite de oliva extravirgem Oly oil sabor manjeric\u00e3o \u00e9 misturado com manjeric\u00e3o grego que intensifica os aromas, tornando-o um molho perfeito para saladas e um ingrediente necess\u00e1rio para qualquer molho, especialmente para massas. Quando us\u00e1-lo, seus jantares com massas se tornar\u00e3o uma festa e seus amigos adorar\u00e3o receb\u00ea-lo como presente!<\/p>\n<p style=\"text-align: right;\">Vendas: sales@olympiangreen.com<\/p>\n<h4 style=\"text-align: right;\"><img loading=\"lazy\" decoding=\"async\" data-attachment-id=\"234\" data-permalink=\"https:\/\/www.olympiangreen.com.br\/ourproducts\/withflavors\/shutterstock_112056110-2\/#main\" data-orig-file=\"https:\/\/www.olympiangreen.com.br\/wp-content\/uploads\/2015\/11\/shutterstock_112056110-1.jpg\" data-orig-size=\"5616,3744\" data-comments-opened=\"0\" data-image-meta=\"{&quot;aperture&quot;:&quot;0&quot;,&quot;credit&quot;:&quot;&quot;,&quot;camera&quot;:&quot;&quot;,&quot;caption&quot;:&quot;&quot;,&quot;created_timestamp&quot;:&quot;0&quot;,&quot;copyright&quot;:&quot;&quot;,&quot;focal_length&quot;:&quot;0&quot;,&quot;iso&quot;:&quot;0&quot;,&quot;shutter_speed&quot;:&quot;0&quot;,&quot;title&quot;:&quot;&quot;,&quot;orientation&quot;:&quot;0&quot;}\" data-image-title=\"shutterstock_112056110\" data-image-description=\"\" data-image-caption=\"\" data-medium-file=\"https:\/\/www.olympiangreen.com.br\/wp-content\/uploads\/2015\/11\/shutterstock_112056110-1-300x300.jpg\" data-large-file=\"https:\/\/www.olympiangreen.com.br\/wp-content\/uploads\/2015\/11\/shutterstock_112056110-1-1024x683.jpg\" class=\"wp-image-234 size-anemone-featured-hero aligncenter\" src=\"https:\/\/www.olympiangreen.com.br\/wp-content\/uploads\/2015\/11\/shutterstock_112056110-1-2000x800.jpg\" alt=\"shutterstock_112056110\" width=\"750\" height=\"300\" \/><\/h4>\n","protected":false},"excerpt":{"rendered":"<p>AZEITE DE OLIVA EXTRAVIRGEM\u00a0OLYMPIAN GREEN OLY OIL sabor trufa negra Um azeite de&#8230;<\/p>\n","protected":false},"author":1,"featured_media":0,"parent":1132,"menu_order":4,"comment_status":"closed","ping_status":"closed","template":"page-templates\/fullwidth-page.php","meta":{"footnotes":""},"tags":[],"class_list":["post-1139","page","type-page","status-publish","hentry","wow","fadeIn"],"jetpack_sharing_enabled":true,"_links":{"self":[{"href":"https:\/\/www.olympiangreen.com.br\/pt-br\/wp-json\/wp\/v2\/pages\/1139","targetHints":{"allow":["GET"]}}],"collection":[{"href":"https:\/\/www.olympiangreen.com.br\/pt-br\/wp-json\/wp\/v2\/pages"}],"about":[{"href":"https:\/\/www.olympiangreen.com.br\/pt-br\/wp-json\/wp\/v2\/types\/page"}],"author":[{"embeddable":true,"href":"https:\/\/www.olympiangreen.com.br\/pt-br\/wp-json\/wp\/v2\/users\/1"}],"replies":[{"embeddable":true,"href":"https:\/\/www.olympiangreen.com.br\/pt-br\/wp-json\/wp\/v2\/comments?post=1139"}],"version-history":[{"count":0,"href":"https:\/\/www.olympiangreen.com.br\/pt-br\/wp-json\/wp\/v2\/pages\/1139\/revisions"}],"up":[{"embeddable":true,"href":"https:\/\/www.olympiangreen.com.br\/pt-br\/wp-json\/wp\/v2\/pages\/1132"}],"wp:attachment":[{"href":"https:\/\/www.olympiangreen.com.br\/pt-br\/wp-json\/wp\/v2\/media?parent=1139"}],"wp:term":[{"taxonomy":"post_tag","embeddable":true,"href":"https:\/\/www.olympiangreen.com.br\/pt-br\/wp-json\/wp\/v2\/tags?post=1139"}],"curies":[{"name":"wp","href":"https:\/\/api.w.org\/{rel}","templated":true}]}}