{"id":1138,"date":"2015-11-02T15:09:20","date_gmt":"2015-11-02T13:09:20","guid":{"rendered":"https:\/\/www.olympiangreen.com\/ourproducts\/organic\/"},"modified":"2018-03-22T17:14:43","modified_gmt":"2018-03-22T15:14:43","slug":"organico","status":"publish","type":"page","link":"https:\/\/www.olympiangreen.com.br\/pt-br\/nossosprodutos\/organico\/","title":{"rendered":"ORG\u00c2NICO"},"content":{"rendered":"<table border=\"0\" width=\"100%\" cellspacing=\"0\" cellpadding=\"0\">\n<tbody>\n<tr>\n<td width=\"25%\"><img loading=\"lazy\" decoding=\"async\" data-attachment-id=\"299\" data-permalink=\"https:\/\/www.olympiangreen.com.br\/ourproducts\/organic\/organic-2\/#main\" data-orig-file=\"https:\/\/www.olympiangreen.com.br\/wp-content\/uploads\/2015\/11\/organic-e1461336043415.jpg\" data-orig-size=\"100,361\" data-comments-opened=\"0\" data-image-meta=\"{&quot;aperture&quot;:&quot;0&quot;,&quot;credit&quot;:&quot;&quot;,&quot;camera&quot;:&quot;&quot;,&quot;caption&quot;:&quot;&quot;,&quot;created_timestamp&quot;:&quot;1453302060&quot;,&quot;copyright&quot;:&quot;&quot;,&quot;focal_length&quot;:&quot;0&quot;,&quot;iso&quot;:&quot;0&quot;,&quot;shutter_speed&quot;:&quot;0&quot;,&quot;title&quot;:&quot;&quot;,&quot;orientation&quot;:&quot;1&quot;}\" data-image-title=\"organic\" data-image-description=\"\" data-image-caption=\"\" data-medium-file=\"https:\/\/www.olympiangreen.com.br\/wp-content\/uploads\/2015\/11\/organic-300x300.jpg\" data-large-file=\"https:\/\/www.olympiangreen.com.br\/wp-content\/uploads\/2015\/11\/organic-e1461336043415.jpg\" class=\"alignnone wp-image-299 size-full\" src=\"https:\/\/www.olympiangreen.com.br\/wp-content\/uploads\/2015\/11\/organic-e1461336043415.jpg\" alt=\"organic\" width=\"100\" height=\"361\" \/><\/td>\n<td width=\"75%\">\n<h1><strong><span style=\"color: #99cc00;\">AZEITE DE OLIVA EXTRAVIRGEM\u00a0OLYMPIAN GREEN OLY OIL ORG\u00c2NICO<\/span><\/strong><\/h1>\n<p>Um azeite de oliva extravirgem excepcional, certificado e produzido de acordo com os mais rigorosos padr\u00f5es, 100% produzido a partir da variedade de azeitonas l\u00edder e robusta Koroneiki, que cresce nas montanhas do Peloponeso, Gr\u00e9cia.<\/p>\n<p>Promova sua culin\u00e1ria com aromas frutados e o sabor especial das azeitonas em pratos desde saladas a peixes, frangos e massas e usando o azeite de oliva extravirgem org\u00e2nico Oly Oil! Homenageie seus amigos presenteando-os com o azeite de oliva extravirgem org\u00e2nico Oly Oil!<\/p>\n<p style=\"text-align: right;\">Vendas: <a href=\"mailto:sales@olympiangreen.com\">sales@olympiangreen.com<\/a><\/p>\n<\/td>\n<\/tr>\n<\/tbody>\n<\/table>\n<table border=\"0\" width=\"100%\" cellspacing=\"0\" cellpadding=\"0\">\n<tbody>\n<tr>\n<td width=\"25%\"><img loading=\"lazy\" decoding=\"async\" data-attachment-id=\"303\" data-permalink=\"https:\/\/www.olympiangreen.com.br\/ourproducts\/organic\/ktima_louiza_oil_medium\/#main\" data-orig-file=\"https:\/\/www.olympiangreen.com.br\/wp-content\/uploads\/2015\/11\/ktima_louiza_oil_medium-e1461336344370.jpg\" data-orig-size=\"300,450\" data-comments-opened=\"0\" data-image-meta=\"{&quot;aperture&quot;:&quot;0&quot;,&quot;credit&quot;:&quot;&quot;,&quot;camera&quot;:&quot;&quot;,&quot;caption&quot;:&quot;&quot;,&quot;created_timestamp&quot;:&quot;0&quot;,&quot;copyright&quot;:&quot;&quot;,&quot;focal_length&quot;:&quot;0&quot;,&quot;iso&quot;:&quot;0&quot;,&quot;shutter_speed&quot;:&quot;0&quot;,&quot;title&quot;:&quot;&quot;,&quot;orientation&quot;:&quot;0&quot;}\" data-image-title=\"ktima_louiza_oil_medium\" data-image-description=\"\" data-image-caption=\"\" data-medium-file=\"https:\/\/www.olympiangreen.com.br\/wp-content\/uploads\/2015\/11\/ktima_louiza_oil_medium-300x300.jpg\" data-large-file=\"https:\/\/www.olympiangreen.com.br\/wp-content\/uploads\/2015\/11\/ktima_louiza_oil_medium-1024x1536.jpg\" class=\"aligncenter wp-image-303 size-full\" src=\"https:\/\/www.olympiangreen.com.br\/wp-content\/uploads\/2015\/11\/ktima_louiza_oil_medium-e1461336344370.jpg\" alt=\"ktima_louiza_oil_medium\" width=\"300\" height=\"450\" \/><\/td>\n<td width=\"75%\">\n<h1><strong><span style=\"color: #99cc00;\">AZEITE DE OLIVA EXTRAVIRGEM ORG\u00c2NICO GREGO KTIMA LOUIZA<\/span><\/strong><\/h1>\n<p>O azeite de oliva Ktima Louiza \u00e9 um azeite de oliva extravirgem org\u00e2nico, produzido exclusivamente (100%) a partir da variedade Koroneiki de azeitonas, cuidadosamente selecionadas e escolhidas \u00e0 m\u00e3o dentre as 1.200 oliveiras dos olivais Ktima Louiza, localizados na regi\u00e3o de Ol\u00edmpia na pen\u00ednsula do Peloponeso.<\/p>\n<p>O extrato deste azeite de oliva \u00e9 prensado a frio e n\u00e3o \u00e9 filtrado, vendido em lojas gourmets exclusivas e especializadas no mercado global, tendo ganho com justi\u00e7a sua fama de qualidade e sabor exclusivos.<\/p>\n<p>O azeite de oliva extravirgem Ktima Louiza \u00e9 certificado pelos rigorosos padr\u00f5es org\u00e2nicos e busca a m\u00e1xima satisfa\u00e7\u00e3o de quem procura uma experi\u00eancia exclusiva de sabor fresco.<\/p>\n<p style=\"text-align: right;\">Vendas: <a href=\"mailto:sales@olympiangreen.com\">sales@olympiangreen.com<\/a><\/p>\n<p><img loading=\"lazy\" decoding=\"async\" data-attachment-id=\"181\" data-permalink=\"https:\/\/www.olympiangreen.com.br\/ourproducts\/organic\/lg_organic\/#main\" data-orig-file=\"https:\/\/www.olympiangreen.com.br\/wp-content\/uploads\/2015\/11\/lg_organic.png\" data-orig-size=\"150,150\" data-comments-opened=\"0\" data-image-meta=\"{&quot;aperture&quot;:&quot;0&quot;,&quot;credit&quot;:&quot;&quot;,&quot;camera&quot;:&quot;&quot;,&quot;caption&quot;:&quot;&quot;,&quot;created_timestamp&quot;:&quot;0&quot;,&quot;copyright&quot;:&quot;&quot;,&quot;focal_length&quot;:&quot;0&quot;,&quot;iso&quot;:&quot;0&quot;,&quot;shutter_speed&quot;:&quot;0&quot;,&quot;title&quot;:&quot;&quot;,&quot;orientation&quot;:&quot;0&quot;}\" data-image-title=\"lg_organic\" data-image-description=\"\" data-image-caption=\"\" data-medium-file=\"https:\/\/www.olympiangreen.com.br\/wp-content\/uploads\/2015\/11\/lg_organic.png\" data-large-file=\"https:\/\/www.olympiangreen.com.br\/wp-content\/uploads\/2015\/11\/lg_organic.png\" class=\"wp-image-181 size-thumbnail alignright\" src=\"https:\/\/www.olympiangreen.com.br\/wp-content\/uploads\/2015\/11\/lg_organic-100x100.png\" alt=\"lg_organic\" width=\"100\" height=\"100\" srcset=\"https:\/\/www.olympiangreen.com.br\/wp-content\/uploads\/2015\/11\/lg_organic-100x100.png 100w, https:\/\/www.olympiangreen.com.br\/wp-content\/uploads\/2015\/11\/lg_organic.png 150w\" sizes=\"auto, (max-width: 100px) 100vw, 100px\" \/><\/p>\n<p><a href=\"mailto:sales@olympiangreen.com\"><img loading=\"lazy\" decoding=\"async\" data-attachment-id=\"397\" data-permalink=\"https:\/\/www.olympiangreen.com.br\/ourproducts\/organic\/organic4colorsealgif\/#main\" data-orig-file=\"https:\/\/www.olympiangreen.com.br\/wp-content\/uploads\/2015\/11\/Organic4colorsealGIF.gif\" data-orig-size=\"1816,1816\" data-comments-opened=\"0\" data-image-meta=\"{&quot;aperture&quot;:&quot;0&quot;,&quot;credit&quot;:&quot;&quot;,&quot;camera&quot;:&quot;&quot;,&quot;caption&quot;:&quot;&quot;,&quot;created_timestamp&quot;:&quot;0&quot;,&quot;copyright&quot;:&quot;&quot;,&quot;focal_length&quot;:&quot;0&quot;,&quot;iso&quot;:&quot;0&quot;,&quot;shutter_speed&quot;:&quot;0&quot;,&quot;title&quot;:&quot;&quot;,&quot;orientation&quot;:&quot;0&quot;}\" data-image-title=\"Organic4colorsealGIF\" data-image-description=\"\" data-image-caption=\"\" data-medium-file=\"https:\/\/www.olympiangreen.com.br\/wp-content\/uploads\/2015\/11\/Organic4colorsealGIF-300x300.gif\" data-large-file=\"https:\/\/www.olympiangreen.com.br\/wp-content\/uploads\/2015\/11\/Organic4colorsealGIF-1024x1024.gif\" class=\"wp-image-397 size-thumbnail alignright\" src=\"https:\/\/www.olympiangreen.com.br\/wp-content\/uploads\/2015\/11\/Organic4colorsealGIF-100x100.gif\" alt=\"Organic4colorsealGIF\" width=\"100\" height=\"100\" srcset=\"https:\/\/www.olympiangreen.com.br\/wp-content\/uploads\/2015\/11\/Organic4colorsealGIF-100x100.gif 100w, https:\/\/www.olympiangreen.com.br\/wp-content\/uploads\/2015\/11\/Organic4colorsealGIF-300x300.gif 300w, https:\/\/www.olympiangreen.com.br\/wp-content\/uploads\/2015\/11\/Organic4colorsealGIF-768x768.gif 768w, https:\/\/www.olympiangreen.com.br\/wp-content\/uploads\/2015\/11\/Organic4colorsealGIF-1024x1024.gif 1024w, https:\/\/www.olympiangreen.com.br\/wp-content\/uploads\/2015\/11\/Organic4colorsealGIF-150x150.gif 150w, https:\/\/www.olympiangreen.com.br\/wp-content\/uploads\/2015\/11\/Organic4colorsealGIF-750x750.gif 750w\" sizes=\"auto, (max-width: 100px) 100vw, 100px\" \/><\/a><img loading=\"lazy\" decoding=\"async\" data-attachment-id=\"201\" data-permalink=\"https:\/\/www.olympiangreen.com.br\/ourproducts\/organic\/bio-hellas-badge\/#main\" data-orig-file=\"https:\/\/www.olympiangreen.com.br\/wp-content\/uploads\/2015\/11\/bio-hellas-badge-e1454082825433.png\" data-orig-size=\"100,133\" data-comments-opened=\"0\" data-image-meta=\"{&quot;aperture&quot;:&quot;0&quot;,&quot;credit&quot;:&quot;&quot;,&quot;camera&quot;:&quot;&quot;,&quot;caption&quot;:&quot;&quot;,&quot;created_timestamp&quot;:&quot;0&quot;,&quot;copyright&quot;:&quot;&quot;,&quot;focal_length&quot;:&quot;0&quot;,&quot;iso&quot;:&quot;0&quot;,&quot;shutter_speed&quot;:&quot;0&quot;,&quot;title&quot;:&quot;&quot;,&quot;orientation&quot;:&quot;0&quot;}\" data-image-title=\"bio-hellas-badge\" data-image-description=\"\" data-image-caption=\"\" data-medium-file=\"https:\/\/www.olympiangreen.com.br\/wp-content\/uploads\/2015\/11\/bio-hellas-badge-300x300.png\" data-large-file=\"https:\/\/www.olympiangreen.com.br\/wp-content\/uploads\/2015\/11\/bio-hellas-badge-e1454082825433.png\" class=\"wp-image-201 size-full alignright\" src=\"https:\/\/www.olympiangreen.com.br\/wp-content\/uploads\/2015\/11\/bio-hellas-badge-e1454082825433.png\" alt=\"bio-hellas-badge\" width=\"100\" height=\"133\" \/><\/td>\n<\/tr>\n<\/tbody>\n<\/table>\n","protected":false},"excerpt":{"rendered":"<p>AZEITE DE OLIVA EXTRAVIRGEM\u00a0OLYMPIAN GREEN OLY OIL ORG\u00c2NICO Um azeite de oliva extravirgem&#8230;<\/p>\n","protected":false},"author":1,"featured_media":0,"parent":1132,"menu_order":3,"comment_status":"closed","ping_status":"closed","template":"page-templates\/fullwidth-page.php","meta":{"footnotes":""},"tags":[],"class_list":["post-1138","page","type-page","status-publish","hentry","wow","fadeIn"],"jetpack_sharing_enabled":true,"_links":{"self":[{"href":"https:\/\/www.olympiangreen.com.br\/pt-br\/wp-json\/wp\/v2\/pages\/1138","targetHints":{"allow":["GET"]}}],"collection":[{"href":"https:\/\/www.olympiangreen.com.br\/pt-br\/wp-json\/wp\/v2\/pages"}],"about":[{"href":"https:\/\/www.olympiangreen.com.br\/pt-br\/wp-json\/wp\/v2\/types\/page"}],"author":[{"embeddable":true,"href":"https:\/\/www.olympiangreen.com.br\/pt-br\/wp-json\/wp\/v2\/users\/1"}],"replies":[{"embeddable":true,"href":"https:\/\/www.olympiangreen.com.br\/pt-br\/wp-json\/wp\/v2\/comments?post=1138"}],"version-history":[{"count":0,"href":"https:\/\/www.olympiangreen.com.br\/pt-br\/wp-json\/wp\/v2\/pages\/1138\/revisions"}],"up":[{"embeddable":true,"href":"https:\/\/www.olympiangreen.com.br\/pt-br\/wp-json\/wp\/v2\/pages\/1132"}],"wp:attachment":[{"href":"https:\/\/www.olympiangreen.com.br\/pt-br\/wp-json\/wp\/v2\/media?parent=1138"}],"wp:term":[{"taxonomy":"post_tag","embeddable":true,"href":"https:\/\/www.olympiangreen.com.br\/pt-br\/wp-json\/wp\/v2\/tags?post=1138"}],"curies":[{"name":"wp","href":"https:\/\/api.w.org\/{rel}","templated":true}]}}