{"id":1137,"date":"2015-11-02T15:09:14","date_gmt":"2015-11-02T13:09:14","guid":{"rendered":"https:\/\/www.olympiangreen.com\/ourproducts\/extra-virgin-olive-oil\/"},"modified":"2025-07-07T12:54:17","modified_gmt":"2025-07-07T09:54:17","slug":"azeite-de-oliva-extravirgem","status":"publish","type":"page","link":"https:\/\/www.olympiangreen.com.br\/pt-br\/nossosprodutos\/azeite-de-oliva-extravirgem\/","title":{"rendered":"AZEITE DE OLIVA EXTRAVIRGEM"},"content":{"rendered":"<h1 style=\"text-align: left;\"><strong><span style=\"color: #99cc00;\"><img loading=\"lazy\" decoding=\"async\" class=\"wp-image-11455  alignleft\" src=\"https:\/\/www.olympiangreen.com.br\/wp-content\/uploads\/2025\/07\/OlyOil_MildMedium_group.png\" alt=\"\" width=\"300\" height=\"317\" \/>AZEITE DE OLIVA EXTRAVIRGEM OLYMPIAN GREEN OLY OIL <span class=\"s1\"><b>Mild &amp; Fruity<\/b><\/span><\/span><\/strong><\/h1>\n<p class=\"p3\"><span class=\"s2\">Um azeite virgem extra grego de excel\u00eancia, 100% produzido a partir da variedade grega Koroneiki e extra\u00eddo dentro de 24 horas ap\u00f3s a colheita, unicamente por meios mec\u00e2nicos.<\/span><\/p>\n<p class=\"p3\"><span class=\"s2\">Oly Oil \u00e9 um azeite virgem extra excecional, reconhecido pela sua qualidade distinta, oferecendo um sabor suave e equilibrado, com um aroma frutado e fresco. O seu sabor superior pode elevar qualquer prato \u2014 seja regado sobre saladas, utilizado em molhos ou adicionado a pratos quentes pouco antes de servir, o Oly Oil real\u00e7a a ess\u00eancia natural de cada ingrediente com eleg\u00e2ncia e profundidade.<\/span><\/p>\n<h1 style=\"text-align: left;\"><span style=\"color: #99cc00;\"><img loading=\"lazy\" decoding=\"async\" data-attachment-id=\"338\" data-permalink=\"https:\/\/www.olympiangreen.com.br\/ourproducts\/greek-table-olives\/oly_oil_traditional_group_medium\/#main\" data-orig-file=\"https:\/\/www.olympiangreen.com.br\/wp-content\/uploads\/2015\/11\/oly_oil_traditional_group_medium.jpg\" data-orig-size=\"2030,1666\" data-comments-opened=\"0\" data-image-meta=\"{&quot;aperture&quot;:&quot;0&quot;,&quot;credit&quot;:&quot;&quot;,&quot;camera&quot;:&quot;&quot;,&quot;caption&quot;:&quot;&quot;,&quot;created_timestamp&quot;:&quot;0&quot;,&quot;copyright&quot;:&quot;&quot;,&quot;focal_length&quot;:&quot;0&quot;,&quot;iso&quot;:&quot;0&quot;,&quot;shutter_speed&quot;:&quot;0&quot;,&quot;title&quot;:&quot;&quot;,&quot;orientation&quot;:&quot;0&quot;}\" data-image-title=\"oly_oil_traditional_group_medium\" data-image-description=\"\" data-image-caption=\"\" data-medium-file=\"https:\/\/www.olympiangreen.com.br\/wp-content\/uploads\/2015\/11\/oly_oil_traditional_group_medium-300x300.jpg\" data-large-file=\"https:\/\/www.olympiangreen.com.br\/wp-content\/uploads\/2015\/11\/oly_oil_traditional_group_medium-1024x840.jpg\" class=\"size-medium wp-image-338 alignleft\" src=\"https:\/\/www.olympiangreen.com.br\/wp-content\/uploads\/2015\/11\/oly_oil_traditional_group_medium-300x300.jpg\" alt=\"oly_oil_traditional_group_medium\" width=\"300\" height=\"300\" srcset=\"https:\/\/www.olympiangreen.com.br\/wp-content\/uploads\/2015\/11\/oly_oil_traditional_group_medium-300x300.jpg 300w, https:\/\/www.olympiangreen.com.br\/wp-content\/uploads\/2015\/11\/oly_oil_traditional_group_medium-100x100.jpg 100w, https:\/\/www.olympiangreen.com.br\/wp-content\/uploads\/2015\/11\/oly_oil_traditional_group_medium-150x150.jpg 150w, https:\/\/www.olympiangreen.com.br\/wp-content\/uploads\/2015\/11\/oly_oil_traditional_group_medium-750x750.jpg 750w\" sizes=\"auto, (max-width: 300px) 100vw, 300px\" \/><\/span><strong><span style=\"color: #99cc00;\">AZEITE DE OLIVA EXTRAVIRGEM\u00a0OLYMPIAN GREEN OLY OIL\u00a0Tradicional<\/span><\/strong><\/h1>\n<p>Um azeite de oliva extravirgem GREGO excepcional, 100% produzido a partir da variedade de azeitonas l\u00edder e robusta Koroneiki, que cresce nas montanhas do Peloponeso, Gr\u00e9cia.<\/p>\n<p>Nossas azeitonas s\u00e3o prensadas mecanicamente em at\u00e9 24 horas a partir da colheira, conservando intactas suas subst\u00e2ncias ben\u00e9ficas \u00e0 sa\u00fade e concedendo ao OLY oil sua distinta acidez muito baixa, rico conte\u00fado de polifen\u00f3is, qualidade superior, diferenciada colora\u00e7\u00e3o verde profunda e intensa e sabor frutado.<\/p>\n<p>Ofere\u00e7a suas receitas com essas caracter\u00edsticas exclusivas, honrando sua fam\u00edlia e amigos com seus pratos saborosos e saud\u00e1veis!<\/p>\n<p style=\"text-align: right;\">Vendas: <a href=\"mailto:sales@olympiangreen.com\">sales@olympiangreen.com<\/a><\/p>\n<h1 style=\"text-align: left;\"><img loading=\"lazy\" decoding=\"async\" data-attachment-id=\"339\" data-permalink=\"https:\/\/www.olympiangreen.com.br\/ourproducts\/greek-table-olives\/oly_oil_robust_500ml_high\/#main\" data-orig-file=\"https:\/\/www.olympiangreen.com.br\/wp-content\/uploads\/2015\/11\/oly_oil_robust_500ml_high-e1467987478912.jpg\" data-orig-size=\"150,225\" data-comments-opened=\"0\" data-image-meta=\"{&quot;aperture&quot;:&quot;0&quot;,&quot;credit&quot;:&quot;&quot;,&quot;camera&quot;:&quot;&quot;,&quot;caption&quot;:&quot;&quot;,&quot;created_timestamp&quot;:&quot;1458252698&quot;,&quot;copyright&quot;:&quot;&quot;,&quot;focal_length&quot;:&quot;0&quot;,&quot;iso&quot;:&quot;0&quot;,&quot;shutter_speed&quot;:&quot;0&quot;,&quot;title&quot;:&quot;&quot;,&quot;orientation&quot;:&quot;1&quot;}\" data-image-title=\"oly_oil_robust_500ml_high\" data-image-description=\"\" data-image-caption=\"\" data-medium-file=\"https:\/\/www.olympiangreen.com.br\/wp-content\/uploads\/2015\/11\/oly_oil_robust_500ml_high-300x300.jpg\" data-large-file=\"https:\/\/www.olympiangreen.com.br\/wp-content\/uploads\/2015\/11\/oly_oil_robust_500ml_high-1024x1536.jpg\" class=\"alignleft wp-image-339\" src=\"https:\/\/www.olympiangreen.com.br\/wp-content\/uploads\/2015\/11\/oly_oil_robust_500ml_high-1024x1536.jpg\" alt=\"oly_oil_robust_500ml_high\" width=\"250\" height=\"375\" \/><strong><span style=\"color: #99cc00;\">AZEITE DE OLIVA EXTRAVIRGEM\u00a0OLYMPIAN GREEN OLY OIL Robusto<\/span><\/strong><\/h1>\n<p>Um azeite de oliva extravirgem excepcional, robusto, encorpado e bem equilibrado, com caracter\u00edsticas intensas, 100% produzido a partir da variedade de azeitonas l\u00edder e robusta Koroneiki, que cresce nas montanhas do Peloponeso, Gr\u00e9cia.<\/p>\n<p>Saud\u00e1vel desde suas caracter\u00edsticas de aromas vibrantes e frutados, seu forte toque apimentado e sabor \u00fanico para incrementar desde receitas de molhos para p\u00e3es e saladas at\u00e9 pratos grelhados ou feitos no forno. Recomenda-se provar todas!<\/p>\n<p style=\"text-align: right;\">Vendas: <a href=\"mailto:sales@olympiangreen.com\">sales@olympiangreen.com<\/a><\/p>\n<h1><span style=\"color: #acc02a;\"><img loading=\"lazy\" decoding=\"async\" data-attachment-id=\"503\" data-permalink=\"https:\/\/www.olympiangreen.com.br\/ourproducts\/extra-virgin-olive-oil\/oly_oil_earlyharvest_500ml_medium-2\/#main\" data-orig-file=\"https:\/\/www.olympiangreen.com.br\/wp-content\/uploads\/2015\/11\/oly_oil_earlyharvest_500ml_medium-1-e1476306468440.jpg\" data-orig-size=\"300,450\" data-comments-opened=\"0\" data-image-meta=\"{&quot;aperture&quot;:&quot;0&quot;,&quot;credit&quot;:&quot;&quot;,&quot;camera&quot;:&quot;&quot;,&quot;caption&quot;:&quot;&quot;,&quot;created_timestamp&quot;:&quot;0&quot;,&quot;copyright&quot;:&quot;&quot;,&quot;focal_length&quot;:&quot;0&quot;,&quot;iso&quot;:&quot;0&quot;,&quot;shutter_speed&quot;:&quot;0&quot;,&quot;title&quot;:&quot;&quot;,&quot;orientation&quot;:&quot;0&quot;}\" data-image-title=\"oly_oil_earlyharvest_500ml_medium\" data-image-description=\"\" data-image-caption=\"\" data-medium-file=\"https:\/\/www.olympiangreen.com.br\/wp-content\/uploads\/2015\/11\/oly_oil_earlyharvest_500ml_medium-1-300x300.jpg\" data-large-file=\"https:\/\/www.olympiangreen.com.br\/wp-content\/uploads\/2015\/11\/oly_oil_earlyharvest_500ml_medium-1-1024x1536.jpg\" class=\"wp-image-503 size-full alignleft\" src=\"https:\/\/www.olympiangreen.com.br\/wp-content\/uploads\/2015\/11\/oly_oil_earlyharvest_500ml_medium-1-e1476306468440.jpg\" alt=\"oly_oil_earlyharvest_500ml_medium\" width=\"300\" height=\"450\" \/><span style=\"color: #99cc00;\"><strong>AZEITE DE OLIVA EXTRAVIRGEM\u00a0OLYMPIAN GREEN OLY OIL Colheita Precoce<\/strong><\/span><br \/>\n<\/span><\/h1>\n<p>Um azeite de oliva extravirgem de colheita precoce excepcional e em quantidade limitada, 100% produzido a partir das azeitonas da variedade Koroneiki, colhidas seletivamente por um per\u00edodo limitado em novembro, dos olivais das montanhas do Peloponeso, Gr\u00e9cia e prensadas a frio poucas horas ap\u00f3s a colheita.<\/p>\n<p>Sua colora\u00e7\u00e3o distinta e intensa e seu aroma caracter\u00edstico fazem deste um azeite de oliva muito delicado e superior para uso em saladas e peixes grelhados.<\/p>\n<p style=\"text-align: right;\">Vendas: <a href=\"mailto:sales@olympiangreen.com\">sales@olympiangreen.com<\/a><\/p>\n","protected":false},"excerpt":{"rendered":"<p>AZEITE DE OLIVA EXTRAVIRGEM OLYMPIAN GREEN OLY OIL Mild &amp; Fruity Um azeite&#8230;<\/p>\n","protected":false},"author":1,"featured_media":0,"parent":1132,"menu_order":2,"comment_status":"closed","ping_status":"closed","template":"page-templates\/fullwidth-page.php","meta":{"footnotes":""},"tags":[],"class_list":["post-1137","page","type-page","status-publish","hentry","wow","fadeIn"],"jetpack_sharing_enabled":true,"_links":{"self":[{"href":"https:\/\/www.olympiangreen.com.br\/pt-br\/wp-json\/wp\/v2\/pages\/1137","targetHints":{"allow":["GET"]}}],"collection":[{"href":"https:\/\/www.olympiangreen.com.br\/pt-br\/wp-json\/wp\/v2\/pages"}],"about":[{"href":"https:\/\/www.olympiangreen.com.br\/pt-br\/wp-json\/wp\/v2\/types\/page"}],"author":[{"embeddable":true,"href":"https:\/\/www.olympiangreen.com.br\/pt-br\/wp-json\/wp\/v2\/users\/1"}],"replies":[{"embeddable":true,"href":"https:\/\/www.olympiangreen.com.br\/pt-br\/wp-json\/wp\/v2\/comments?post=1137"}],"version-history":[{"count":0,"href":"https:\/\/www.olympiangreen.com.br\/pt-br\/wp-json\/wp\/v2\/pages\/1137\/revisions"}],"up":[{"embeddable":true,"href":"https:\/\/www.olympiangreen.com.br\/pt-br\/wp-json\/wp\/v2\/pages\/1132"}],"wp:attachment":[{"href":"https:\/\/www.olympiangreen.com.br\/pt-br\/wp-json\/wp\/v2\/media?parent=1137"}],"wp:term":[{"taxonomy":"post_tag","embeddable":true,"href":"https:\/\/www.olympiangreen.com.br\/pt-br\/wp-json\/wp\/v2\/tags?post=1137"}],"curies":[{"name":"wp","href":"https:\/\/api.w.org\/{rel}","templated":true}]}}