{"id":1129,"date":"2015-11-02T15:04:24","date_gmt":"2015-11-02T13:04:24","guid":{"rendered":"https:\/\/www.olympiangreen.com\/company\/the-plant\/"},"modified":"2019-02-18T11:47:02","modified_gmt":"2019-02-18T09:47:02","slug":"a-instalacao","status":"publish","type":"page","link":"https:\/\/www.olympiangreen.com.br\/pt-br\/a-empresa\/a-instalacao\/","title":{"rendered":"A INSTALA\u00c7\u00c3O"},"content":{"rendered":"<h1><strong><span style=\"color: #99cc00;\">Os olivais &#8211; a principal vantagem de nosso azeite de oliva<\/span><\/strong><\/h1>\n<p>Nossos azeites de oliva s\u00e3o 100% do tipo Koroneiki, o melhor tipo de produ\u00e7\u00e3o de azeites de oliva, atualmente exportado para muitos pa\u00edses. Ele \u00e9 exclusivamente cultivado na Gr\u00e9cia, mais especificamente na pen\u00ednsula do Peloponeso. Essas oliveiras s\u00e3o especiais por produzirem um azeite com acidez extremamente baixa com uma colora\u00e7\u00e3o verde profunda e intensa e sabor frutado suave ou agridoce, dependendo da \u00e9poca da colheita.<\/p>\n<h1><strong>A variedade Koroneiki tem sido caracterizada pelo Conselho Ole\u00edcola Internacional como uma \u201cvariedade de heran\u00e7a universal\u201d.<\/strong><\/h1>\n<h1><strong><span style=\"color: #99cc00;\">Produ\u00e7\u00e3o do azeite &#8211; O moinho<\/span><\/strong><\/h1>\n<p>Olympian Green estabeleceu uma f\u00e1brica totalmente integrada de \u00faltima gera\u00e7\u00e3o com 3.000 metros quadrados que aborda todos os aspectos de produ\u00e7\u00e3o de maneira a garantir que os produtos de alta qualidade da Olympian Green alcancem e satisfa\u00e7am os consumidores finais de modo eficiente. A capacidade das instala\u00e7\u00f5es integradas \u00e9 planejada para exceder as 4.000 toneladas de produtos de azeite de oliva extravirgem.<\/p>\n<p>As azeitonas s\u00e3o prensadas em at\u00e9 24 horas ap\u00f3s a colheita, conservando e mantendo intactas suas subst\u00e2ncias ben\u00e9ficas. As azeitonas, para todos os tipos de azeites de oliva, s\u00e3o prensadas a frio em um moinho de 2 fases com tecnologia de \u00faltima gera\u00e7\u00e3o, sem exceder 27 \u00b0C. O resultado \u00e9 um azeite \u00fanico, cheio de aromas e sabor. Depois de processado, o azeite de oliva \u00e9 armazenado em tanques de a\u00e7o inoxid\u00e1vel com revestimento duplo, para permitir a sedimenta\u00e7\u00e3o natural sob condi\u00e7\u00f5es ideais, antes de chegar a sua mesa.<\/p>\n<div class=\"entry-content\">\n<p><img loading=\"lazy\" decoding=\"async\" data-attachment-id=\"1560\" data-permalink=\"https:\/\/www.olympiangreen.com.br\/company\/the-plant\/dsc_1315\/#main\" data-orig-file=\"https:\/\/www.olympiangreen.com.br\/wp-content\/uploads\/2018\/11\/DSC_1315.jpg\" data-orig-size=\"4608,3072\" data-comments-opened=\"0\" data-image-meta=\"{&quot;aperture&quot;:&quot;8&quot;,&quot;credit&quot;:&quot;&quot;,&quot;camera&quot;:&quot;NIKON D3100&quot;,&quot;caption&quot;:&quot;&quot;,&quot;created_timestamp&quot;:&quot;1339707182&quot;,&quot;copyright&quot;:&quot;&quot;,&quot;focal_length&quot;:&quot;40&quot;,&quot;iso&quot;:&quot;100&quot;,&quot;shutter_speed&quot;:&quot;0.005&quot;,&quot;title&quot;:&quot;&quot;,&quot;orientation&quot;:&quot;1&quot;}\" data-image-title=\"DSC_1315\" data-image-description=\"\" data-image-caption=\"\" data-medium-file=\"https:\/\/www.olympiangreen.com.br\/wp-content\/uploads\/2018\/11\/DSC_1315-300x300.jpg\" data-large-file=\"https:\/\/www.olympiangreen.com.br\/wp-content\/uploads\/2018\/11\/DSC_1315-1024x683.jpg\" class=\"aligncenter size-large wp-image-1560\" src=\"https:\/\/www.olympiangreen.com.br\/wp-content\/uploads\/2018\/11\/DSC_1315-1024x683.jpg\" sizes=\"auto, (max-width: 750px) 100vw, 750px\" srcset=\"https:\/\/www.olympiangreen.com.br\/wp-content\/uploads\/2018\/11\/DSC_1315-1024x683.jpg 1024w, https:\/\/www.olympiangreen.com.br\/wp-content\/uploads\/2018\/11\/DSC_1315-150x100.jpg 150w\" alt=\"\" width=\"750\" height=\"500\" \/><\/p>\n<p><img loading=\"lazy\" decoding=\"async\" data-attachment-id=\"697\" data-permalink=\"https:\/\/www.olympiangreen.com.br\/company\/the-plant\/dsc_1300-3\/#main\" data-orig-file=\"https:\/\/www.olympiangreen.com.br\/wp-content\/uploads\/2015\/11\/DSC_1300-2.jpg\" data-orig-size=\"4608,3072\" data-comments-opened=\"0\" data-image-meta=\"{&quot;aperture&quot;:&quot;3.5&quot;,&quot;credit&quot;:&quot;&quot;,&quot;camera&quot;:&quot;NIKON D3100&quot;,&quot;caption&quot;:&quot;&quot;,&quot;created_timestamp&quot;:&quot;1339709260&quot;,&quot;copyright&quot;:&quot;&quot;,&quot;focal_length&quot;:&quot;18&quot;,&quot;iso&quot;:&quot;900&quot;,&quot;shutter_speed&quot;:&quot;0.016666666666667&quot;,&quot;title&quot;:&quot;&quot;,&quot;orientation&quot;:&quot;1&quot;}\" data-image-title=\"dsc_1300\" data-image-description=\"\" data-image-caption=\"\" data-medium-file=\"https:\/\/www.olympiangreen.com.br\/wp-content\/uploads\/2015\/11\/DSC_1300-2-300x300.jpg\" data-large-file=\"https:\/\/www.olympiangreen.com.br\/wp-content\/uploads\/2015\/11\/DSC_1300-2-1024x683.jpg\" class=\"aligncenter wp-image-697 size-large\" src=\"https:\/\/www.olympiangreen.com.br\/wp-content\/uploads\/2015\/11\/DSC_1300-2-1024x683.jpg\" sizes=\"auto, (max-width: 750px) 100vw, 750px\" srcset=\"https:\/\/www.olympiangreen.com.br\/wp-content\/uploads\/2015\/11\/DSC_1300-2-1024x683.jpg 1024w, https:\/\/www.olympiangreen.com.br\/wp-content\/uploads\/2015\/11\/DSC_1300-2-768x512.jpg 768w, https:\/\/www.olympiangreen.com.br\/wp-content\/uploads\/2015\/11\/DSC_1300-2-150x100.jpg 150w\" alt=\"dsc_1300\" width=\"750\" height=\"500\" \/><\/p>\n<p><img loading=\"lazy\" decoding=\"async\" data-attachment-id=\"1561\" data-permalink=\"https:\/\/www.olympiangreen.com.br\/company\/the-plant\/14601052_1275204082500618_4759576373983127440_n\/#main\" data-orig-file=\"https:\/\/www.olympiangreen.com.br\/wp-content\/uploads\/2018\/11\/14601052_1275204082500618_4759576373983127440_n-e1542635116100.jpg\" data-orig-size=\"750,563\" data-comments-opened=\"0\" data-image-meta=\"{&quot;aperture&quot;:&quot;0&quot;,&quot;credit&quot;:&quot;&quot;,&quot;camera&quot;:&quot;&quot;,&quot;caption&quot;:&quot;&quot;,&quot;created_timestamp&quot;:&quot;0&quot;,&quot;copyright&quot;:&quot;&quot;,&quot;focal_length&quot;:&quot;0&quot;,&quot;iso&quot;:&quot;0&quot;,&quot;shutter_speed&quot;:&quot;0&quot;,&quot;title&quot;:&quot;&quot;,&quot;orientation&quot;:&quot;0&quot;}\" data-image-title=\"14601052_1275204082500618_4759576373983127440_n\" data-image-description=\"\" data-image-caption=\"\" data-medium-file=\"https:\/\/www.olympiangreen.com.br\/wp-content\/uploads\/2018\/11\/14601052_1275204082500618_4759576373983127440_n-300x300.jpg\" data-large-file=\"https:\/\/www.olympiangreen.com.br\/wp-content\/uploads\/2018\/11\/14601052_1275204082500618_4759576373983127440_n-e1542635116100.jpg\" class=\"aligncenter wp-image-1561 size-full\" src=\"https:\/\/www.olympiangreen.com.br\/wp-content\/uploads\/2018\/11\/14601052_1275204082500618_4759576373983127440_n-e1542635116100.jpg\" alt=\"\" width=\"750\" height=\"563\" \/><\/p>\n<p><img loading=\"lazy\" decoding=\"async\" data-attachment-id=\"1563\" data-permalink=\"https:\/\/www.olympiangreen.com.br\/company\/the-plant\/plant3\/#main\" data-orig-file=\"https:\/\/www.olympiangreen.com.br\/wp-content\/uploads\/2018\/11\/plant3-e1542635158973.jpg\" data-orig-size=\"750,563\" data-comments-opened=\"0\" data-image-meta=\"{&quot;aperture&quot;:&quot;0&quot;,&quot;credit&quot;:&quot;&quot;,&quot;camera&quot;:&quot;&quot;,&quot;caption&quot;:&quot;&quot;,&quot;created_timestamp&quot;:&quot;0&quot;,&quot;copyright&quot;:&quot;&quot;,&quot;focal_length&quot;:&quot;0&quot;,&quot;iso&quot;:&quot;0&quot;,&quot;shutter_speed&quot;:&quot;0&quot;,&quot;title&quot;:&quot;&quot;,&quot;orientation&quot;:&quot;0&quot;}\" data-image-title=\"plant3\" data-image-description=\"\" data-image-caption=\"\" data-medium-file=\"https:\/\/www.olympiangreen.com.br\/wp-content\/uploads\/2018\/11\/plant3-300x300.jpg\" data-large-file=\"https:\/\/www.olympiangreen.com.br\/wp-content\/uploads\/2018\/11\/plant3-e1542635158973.jpg\" class=\"aligncenter wp-image-1563 size-full\" src=\"https:\/\/www.olympiangreen.com.br\/wp-content\/uploads\/2018\/11\/plant3-e1542635158973.jpg\" alt=\"\" width=\"750\" height=\"563\" \/><\/p>\n<p><img loading=\"lazy\" decoding=\"async\" data-attachment-id=\"1564\" data-permalink=\"https:\/\/www.olympiangreen.com.br\/company\/the-plant\/dsc_1364\/#main\" data-orig-file=\"https:\/\/www.olympiangreen.com.br\/wp-content\/uploads\/2018\/11\/DSC_1364.jpg\" data-orig-size=\"4608,3072\" data-comments-opened=\"0\" data-image-meta=\"{&quot;aperture&quot;:&quot;4.5&quot;,&quot;credit&quot;:&quot;&quot;,&quot;camera&quot;:&quot;NIKON D3100&quot;,&quot;caption&quot;:&quot;&quot;,&quot;created_timestamp&quot;:&quot;1339707937&quot;,&quot;copyright&quot;:&quot;&quot;,&quot;focal_length&quot;:&quot;28&quot;,&quot;iso&quot;:&quot;1800&quot;,&quot;shutter_speed&quot;:&quot;0.016666666666667&quot;,&quot;title&quot;:&quot;&quot;,&quot;orientation&quot;:&quot;1&quot;}\" data-image-title=\"DSC_1364\" data-image-description=\"\" data-image-caption=\"\" data-medium-file=\"https:\/\/www.olympiangreen.com.br\/wp-content\/uploads\/2018\/11\/DSC_1364-300x300.jpg\" data-large-file=\"https:\/\/www.olympiangreen.com.br\/wp-content\/uploads\/2018\/11\/DSC_1364-1024x683.jpg\" class=\"aligncenter size-large wp-image-1564\" src=\"https:\/\/www.olympiangreen.com.br\/wp-content\/uploads\/2018\/11\/DSC_1364-1024x683.jpg\" sizes=\"auto, (max-width: 750px) 100vw, 750px\" srcset=\"https:\/\/www.olympiangreen.com.br\/wp-content\/uploads\/2018\/11\/DSC_1364-1024x683.jpg 1024w, https:\/\/www.olympiangreen.com.br\/wp-content\/uploads\/2018\/11\/DSC_1364-150x100.jpg 150w\" alt=\"\" width=\"750\" height=\"500\" \/><\/p>\n<p>&nbsp;<\/p>\n<p><img loading=\"lazy\" decoding=\"async\" data-attachment-id=\"1565\" data-permalink=\"https:\/\/www.olympiangreen.com.br\/company\/the-plant\/ele_1852\/#main\" data-orig-file=\"https:\/\/www.olympiangreen.com.br\/wp-content\/uploads\/2018\/11\/ELE_1852.jpg\" data-orig-size=\"6000,4000\" data-comments-opened=\"0\" data-image-meta=\"{&quot;aperture&quot;:&quot;2.8&quot;,&quot;credit&quot;:&quot;&quot;,&quot;camera&quot;:&quot;NIKON D7100&quot;,&quot;caption&quot;:&quot;&quot;,&quot;created_timestamp&quot;:&quot;1540209826&quot;,&quot;copyright&quot;:&quot;&quot;,&quot;focal_length&quot;:&quot;24&quot;,&quot;iso&quot;:&quot;1100&quot;,&quot;shutter_speed&quot;:&quot;0.004&quot;,&quot;title&quot;:&quot;&quot;,&quot;orientation&quot;:&quot;1&quot;}\" data-image-title=\"ELE_1852\" data-image-description=\"\" data-image-caption=\"\" data-medium-file=\"https:\/\/www.olympiangreen.com.br\/wp-content\/uploads\/2018\/11\/ELE_1852-300x300.jpg\" data-large-file=\"https:\/\/www.olympiangreen.com.br\/wp-content\/uploads\/2018\/11\/ELE_1852-1024x683.jpg\" class=\"aligncenter size-large wp-image-1565\" src=\"https:\/\/www.olympiangreen.com.br\/wp-content\/uploads\/2018\/11\/ELE_1852-1024x683.jpg\" sizes=\"auto, (max-width: 750px) 100vw, 750px\" srcset=\"https:\/\/www.olympiangreen.com.br\/wp-content\/uploads\/2018\/11\/ELE_1852-1024x683.jpg 1024w, https:\/\/www.olympiangreen.com.br\/wp-content\/uploads\/2018\/11\/ELE_1852-150x100.jpg 150w\" alt=\"\" width=\"750\" height=\"500\" \/><\/p>\n<p><img loading=\"lazy\" decoding=\"async\" data-attachment-id=\"1559\" data-permalink=\"https:\/\/www.olympiangreen.com.br\/company\/the-plant\/ele_1851\/#main\" data-orig-file=\"https:\/\/www.olympiangreen.com.br\/wp-content\/uploads\/2018\/11\/ELE_1851.jpg\" data-orig-size=\"6000,4000\" data-comments-opened=\"0\" data-image-meta=\"{&quot;aperture&quot;:&quot;2.8&quot;,&quot;credit&quot;:&quot;&quot;,&quot;camera&quot;:&quot;NIKON D7100&quot;,&quot;caption&quot;:&quot;&quot;,&quot;created_timestamp&quot;:&quot;1540209762&quot;,&quot;copyright&quot;:&quot;&quot;,&quot;focal_length&quot;:&quot;34&quot;,&quot;iso&quot;:&quot;3600&quot;,&quot;shutter_speed&quot;:&quot;0.004&quot;,&quot;title&quot;:&quot;&quot;,&quot;orientation&quot;:&quot;1&quot;}\" data-image-title=\"ELE_1851\" data-image-description=\"\" data-image-caption=\"\" data-medium-file=\"https:\/\/www.olympiangreen.com.br\/wp-content\/uploads\/2018\/11\/ELE_1851-300x300.jpg\" data-large-file=\"https:\/\/www.olympiangreen.com.br\/wp-content\/uploads\/2018\/11\/ELE_1851-1024x683.jpg\" class=\"aligncenter size-large wp-image-1559\" src=\"https:\/\/www.olympiangreen.com.br\/wp-content\/uploads\/2018\/11\/ELE_1851-1024x683.jpg\" sizes=\"auto, (max-width: 750px) 100vw, 750px\" srcset=\"https:\/\/www.olympiangreen.com.br\/wp-content\/uploads\/2018\/11\/ELE_1851-1024x683.jpg 1024w, https:\/\/www.olympiangreen.com.br\/wp-content\/uploads\/2018\/11\/ELE_1851-150x100.jpg 150w\" alt=\"\" width=\"750\" height=\"500\" \/><\/p>\n<p><img loading=\"lazy\" decoding=\"async\" data-attachment-id=\"1566\" data-permalink=\"https:\/\/www.olympiangreen.com.br\/company\/the-plant\/ele_1823\/#main\" data-orig-file=\"https:\/\/www.olympiangreen.com.br\/wp-content\/uploads\/2018\/11\/ELE_1823.jpg\" data-orig-size=\"6000,4000\" data-comments-opened=\"0\" data-image-meta=\"{&quot;aperture&quot;:&quot;2.8&quot;,&quot;credit&quot;:&quot;&quot;,&quot;camera&quot;:&quot;NIKON D7100&quot;,&quot;caption&quot;:&quot;&quot;,&quot;created_timestamp&quot;:&quot;1540205700&quot;,&quot;copyright&quot;:&quot;&quot;,&quot;focal_length&quot;:&quot;55&quot;,&quot;iso&quot;:&quot;1250&quot;,&quot;shutter_speed&quot;:&quot;0.00625&quot;,&quot;title&quot;:&quot;&quot;,&quot;orientation&quot;:&quot;1&quot;}\" data-image-title=\"ELE_1823\" data-image-description=\"\" data-image-caption=\"\" data-medium-file=\"https:\/\/www.olympiangreen.com.br\/wp-content\/uploads\/2018\/11\/ELE_1823-300x300.jpg\" data-large-file=\"https:\/\/www.olympiangreen.com.br\/wp-content\/uploads\/2018\/11\/ELE_1823-1024x683.jpg\" class=\"aligncenter size-large wp-image-1566\" src=\"https:\/\/www.olympiangreen.com.br\/wp-content\/uploads\/2018\/11\/ELE_1823-1024x683.jpg\" sizes=\"auto, (max-width: 750px) 100vw, 750px\" srcset=\"https:\/\/www.olympiangreen.com.br\/wp-content\/uploads\/2018\/11\/ELE_1823-1024x683.jpg 1024w, https:\/\/www.olympiangreen.com.br\/wp-content\/uploads\/2018\/11\/ELE_1823-150x100.jpg 150w\" alt=\"\" width=\"750\" height=\"500\" \/><\/p>\n<p><img loading=\"lazy\" decoding=\"async\" data-attachment-id=\"1567\" data-permalink=\"https:\/\/www.olympiangreen.com.br\/company\/the-plant\/ele_1838\/#main\" data-orig-file=\"https:\/\/www.olympiangreen.com.br\/wp-content\/uploads\/2018\/11\/ELE_1838.jpg\" data-orig-size=\"6000,4000\" data-comments-opened=\"0\" data-image-meta=\"{&quot;aperture&quot;:&quot;2.8&quot;,&quot;credit&quot;:&quot;&quot;,&quot;camera&quot;:&quot;NIKON D7100&quot;,&quot;caption&quot;:&quot;&quot;,&quot;created_timestamp&quot;:&quot;1540205992&quot;,&quot;copyright&quot;:&quot;&quot;,&quot;focal_length&quot;:&quot;36&quot;,&quot;iso&quot;:&quot;500&quot;,&quot;shutter_speed&quot;:&quot;0.00625&quot;,&quot;title&quot;:&quot;&quot;,&quot;orientation&quot;:&quot;1&quot;}\" data-image-title=\"ELE_1838\" data-image-description=\"\" data-image-caption=\"\" data-medium-file=\"https:\/\/www.olympiangreen.com.br\/wp-content\/uploads\/2018\/11\/ELE_1838-300x300.jpg\" data-large-file=\"https:\/\/www.olympiangreen.com.br\/wp-content\/uploads\/2018\/11\/ELE_1838-1024x683.jpg\" class=\"aligncenter size-large wp-image-1567\" src=\"https:\/\/www.olympiangreen.com.br\/wp-content\/uploads\/2018\/11\/ELE_1838-1024x683.jpg\" sizes=\"auto, (max-width: 750px) 100vw, 750px\" srcset=\"https:\/\/www.olympiangreen.com.br\/wp-content\/uploads\/2018\/11\/ELE_1838-1024x683.jpg 1024w, https:\/\/www.olympiangreen.com.br\/wp-content\/uploads\/2018\/11\/ELE_1838-150x100.jpg 150w\" alt=\"\" width=\"750\" height=\"500\" \/><\/p>\n<p><img loading=\"lazy\" decoding=\"async\" data-attachment-id=\"1568\" data-permalink=\"https:\/\/www.olympiangreen.com.br\/company\/the-plant\/ele_1843\/#main\" data-orig-file=\"https:\/\/www.olympiangreen.com.br\/wp-content\/uploads\/2018\/11\/ELE_1843.jpg\" data-orig-size=\"6000,4000\" data-comments-opened=\"0\" data-image-meta=\"{&quot;aperture&quot;:&quot;2.8&quot;,&quot;credit&quot;:&quot;&quot;,&quot;camera&quot;:&quot;NIKON D7100&quot;,&quot;caption&quot;:&quot;&quot;,&quot;created_timestamp&quot;:&quot;1540206361&quot;,&quot;copyright&quot;:&quot;&quot;,&quot;focal_length&quot;:&quot;24&quot;,&quot;iso&quot;:&quot;1600&quot;,&quot;shutter_speed&quot;:&quot;0.004&quot;,&quot;title&quot;:&quot;&quot;,&quot;orientation&quot;:&quot;1&quot;}\" data-image-title=\"ELE_1843\" data-image-description=\"\" data-image-caption=\"\" data-medium-file=\"https:\/\/www.olympiangreen.com.br\/wp-content\/uploads\/2018\/11\/ELE_1843-300x300.jpg\" data-large-file=\"https:\/\/www.olympiangreen.com.br\/wp-content\/uploads\/2018\/11\/ELE_1843-1024x683.jpg\" class=\"aligncenter size-large wp-image-1568\" src=\"https:\/\/www.olympiangreen.com.br\/wp-content\/uploads\/2018\/11\/ELE_1843-1024x683.jpg\" sizes=\"auto, (max-width: 750px) 100vw, 750px\" srcset=\"https:\/\/www.olympiangreen.com.br\/wp-content\/uploads\/2018\/11\/ELE_1843-1024x683.jpg 1024w, https:\/\/www.olympiangreen.com.br\/wp-content\/uploads\/2018\/11\/ELE_1843-150x100.jpg 150w\" alt=\"\" width=\"750\" height=\"500\" \/><\/p>\n<p>&nbsp;<\/p>\n<\/div>\n<footer class=\"entry-meta entry-meta-footer\"><\/footer>\n<p>&nbsp;<\/p>\n<p style=\"text-align: justify;\">\n<p style=\"text-align: justify;\">\n<p style=\"text-align: justify;\">\n<p style=\"text-align: justify;\">\n","protected":false},"excerpt":{"rendered":"<p>Os olivais &#8211; a principal vantagem de nosso azeite de oliva Nossos azeites&#8230;<\/p>\n","protected":false},"author":1,"featured_media":0,"parent":1127,"menu_order":2,"comment_status":"closed","ping_status":"closed","template":"page-templates\/fullwidth-page.php","meta":{"footnotes":""},"tags":[],"class_list":["post-1129","page","type-page","status-publish","hentry","wow","fadeIn"],"jetpack_sharing_enabled":true,"_links":{"self":[{"href":"https:\/\/www.olympiangreen.com.br\/pt-br\/wp-json\/wp\/v2\/pages\/1129","targetHints":{"allow":["GET"]}}],"collection":[{"href":"https:\/\/www.olympiangreen.com.br\/pt-br\/wp-json\/wp\/v2\/pages"}],"about":[{"href":"https:\/\/www.olympiangreen.com.br\/pt-br\/wp-json\/wp\/v2\/types\/page"}],"author":[{"embeddable":true,"href":"https:\/\/www.olympiangreen.com.br\/pt-br\/wp-json\/wp\/v2\/users\/1"}],"replies":[{"embeddable":true,"href":"https:\/\/www.olympiangreen.com.br\/pt-br\/wp-json\/wp\/v2\/comments?post=1129"}],"version-history":[{"count":0,"href":"https:\/\/www.olympiangreen.com.br\/pt-br\/wp-json\/wp\/v2\/pages\/1129\/revisions"}],"up":[{"embeddable":true,"href":"https:\/\/www.olympiangreen.com.br\/pt-br\/wp-json\/wp\/v2\/pages\/1127"}],"wp:attachment":[{"href":"https:\/\/www.olympiangreen.com.br\/pt-br\/wp-json\/wp\/v2\/media?parent=1129"}],"wp:term":[{"taxonomy":"post_tag","embeddable":true,"href":"https:\/\/www.olympiangreen.com.br\/pt-br\/wp-json\/wp\/v2\/tags?post=1129"}],"curies":[{"name":"wp","href":"https:\/\/api.w.org\/{rel}","templated":true}]}}