{"id":884,"date":"2015-11-02T15:09:14","date_gmt":"2015-11-02T13:09:14","guid":{"rendered":"https:\/\/www.olympiangreen.com\/ourproducts\/extra-virgin-olive-oil\/"},"modified":"2025-07-07T14:52:39","modified_gmt":"2025-07-07T11:52:39","slug":"extra-virgin-olive-oil","status":"publish","type":"page","link":"https:\/\/www.olympiangreen.com.br\/fr\/ourproducts\/extra-virgin-olive-oil\/","title":{"rendered":"Extra virgin olive oil"},"content":{"rendered":"<p class=\"p1\"><span class=\"s1\"><b><img loading=\"lazy\" decoding=\"async\" class=\"wp-image-11455 alignleft\" src=\"https:\/\/www.olympiangreen.com.br\/wp-content\/uploads\/2025\/07\/OlyOil_MildMedium_group.png\" alt=\"\" width=\"300\" height=\"317\" \/><\/b><\/span><\/p>\n<h1 style=\"text-align: left;\"><span style=\"color: #99cc00;\"><span class=\"s1\"><b>EVOO Olympian Green Oly Oil Doux &amp; Fruit\u00e9<\/b><\/span><\/span><\/h1>\n<p class=\"p1\"><span class=\"s1\"><b>EVOO Olympian Green Oly Oil Doux &amp; Fruit\u00e9<\/b><br \/>\nUne huile d\u2019olive vierge extra grecque exceptionnelle, 100 % issue de la vari\u00e9t\u00e9 grecque Koroneiki et extraite dans les 24 heures suivant la r\u00e9colte, exclusivement par des moyens m\u00e9caniques.<br \/>\nOly Oil est une huile d\u2019olive vierge extra exceptionnelle, reconnue pour sa qualit\u00e9 distinctive offrant une saveur \u00e9quilibr\u00e9e, douce, avec un parfum fruit\u00e9 et frais.<br \/>\nSon go\u00fbt sup\u00e9rieur sublime chaque plat : en filet sur les salades, dans les vinaigrettes ou ajout\u00e9e aux plats chauds juste avant de servir, Oly Oil r\u00e9v\u00e8le l\u2019essence naturelle de chaque ingr\u00e9dient avec \u00e9l\u00e9gance et profondeur.<\/span><\/p>\n<h1 style=\"text-align: left;\"><span style=\"color: #99cc00;\"><img loading=\"lazy\" decoding=\"async\" data-attachment-id=\"338\" data-permalink=\"https:\/\/www.olympiangreen.com.br\/ourproducts\/greek-table-olives\/oly_oil_traditional_group_medium\/#main\" data-orig-file=\"https:\/\/www.olympiangreen.com.br\/wp-content\/uploads\/2015\/11\/oly_oil_traditional_group_medium.jpg\" data-orig-size=\"2030,1666\" data-comments-opened=\"0\" data-image-meta=\"{&quot;aperture&quot;:&quot;0&quot;,&quot;credit&quot;:&quot;&quot;,&quot;camera&quot;:&quot;&quot;,&quot;caption&quot;:&quot;&quot;,&quot;created_timestamp&quot;:&quot;0&quot;,&quot;copyright&quot;:&quot;&quot;,&quot;focal_length&quot;:&quot;0&quot;,&quot;iso&quot;:&quot;0&quot;,&quot;shutter_speed&quot;:&quot;0&quot;,&quot;title&quot;:&quot;&quot;,&quot;orientation&quot;:&quot;0&quot;}\" data-image-title=\"oly_oil_traditional_group_medium\" data-image-description=\"\" data-image-caption=\"\" data-medium-file=\"https:\/\/www.olympiangreen.com.br\/wp-content\/uploads\/2015\/11\/oly_oil_traditional_group_medium-300x300.jpg\" data-large-file=\"https:\/\/www.olympiangreen.com.br\/wp-content\/uploads\/2015\/11\/oly_oil_traditional_group_medium-1024x840.jpg\" class=\"size-medium wp-image-338 alignleft\" src=\"https:\/\/www.olympiangreen.com.br\/wp-content\/uploads\/2015\/11\/oly_oil_traditional_group_medium-300x300.jpg\" alt=\"oly_oil_traditional_group_medium\" width=\"300\" height=\"300\" srcset=\"https:\/\/www.olympiangreen.com.br\/wp-content\/uploads\/2015\/11\/oly_oil_traditional_group_medium-300x300.jpg 300w, https:\/\/www.olympiangreen.com.br\/wp-content\/uploads\/2015\/11\/oly_oil_traditional_group_medium-100x100.jpg 100w, https:\/\/www.olympiangreen.com.br\/wp-content\/uploads\/2015\/11\/oly_oil_traditional_group_medium-150x150.jpg 150w, https:\/\/www.olympiangreen.com.br\/wp-content\/uploads\/2015\/11\/oly_oil_traditional_group_medium-750x750.jpg 750w\" sizes=\"auto, (max-width: 300px) 100vw, 300px\" \/>EVOO Olympian Green Oly Oil Traditionnel<\/span><\/h1>\n<p class=\"p1\"><span class=\"s1\">Une huile d\u2019olive vierge extra GRECQUE exceptionnelle, 100 % issue de la vari\u00e9t\u00e9 robuste Koroneiki, cultiv\u00e9e dans les montagnes du P\u00e9loponn\u00e8se, en Gr\u00e8ce.<br \/>\nNos olives sont press\u00e9es dans les 24 heures suivant leur r\u00e9colte, uniquement par des moyens m\u00e9caniques, ce qui permet de pr\u00e9server leurs bienfaits pour la sant\u00e9 et conf\u00e8re \u00e0 l\u2019huile Oly sa tr\u00e8s faible acidit\u00e9, sa richesse en polyph\u00e9nols, sa qualit\u00e9 sup\u00e9rieure, sa magnifique couleur verte intense et brillante, ainsi que son go\u00fbt fruit\u00e9.<br \/>\nApportez \u00e0 vos recettes ces caract\u00e9ristiques uniques, en honorant famille et amis avec des plats savoureux et sains !<br \/>\n<\/span><\/p>\n<p style=\"text-align: right;\">sales contact : <a href=\"mailto:sales@olympiangreen.com\">sales@olympiangreen.com<\/a><\/p>\n<h1 style=\"text-align: left;\"><img loading=\"lazy\" decoding=\"async\" data-attachment-id=\"339\" data-permalink=\"https:\/\/www.olympiangreen.com.br\/ourproducts\/greek-table-olives\/oly_oil_robust_500ml_high\/#main\" data-orig-file=\"https:\/\/www.olympiangreen.com.br\/wp-content\/uploads\/2015\/11\/oly_oil_robust_500ml_high-e1467987478912.jpg\" data-orig-size=\"150,225\" data-comments-opened=\"0\" data-image-meta=\"{&quot;aperture&quot;:&quot;0&quot;,&quot;credit&quot;:&quot;&quot;,&quot;camera&quot;:&quot;&quot;,&quot;caption&quot;:&quot;&quot;,&quot;created_timestamp&quot;:&quot;1458252698&quot;,&quot;copyright&quot;:&quot;&quot;,&quot;focal_length&quot;:&quot;0&quot;,&quot;iso&quot;:&quot;0&quot;,&quot;shutter_speed&quot;:&quot;0&quot;,&quot;title&quot;:&quot;&quot;,&quot;orientation&quot;:&quot;1&quot;}\" data-image-title=\"oly_oil_robust_500ml_high\" data-image-description=\"\" data-image-caption=\"\" data-medium-file=\"https:\/\/www.olympiangreen.com.br\/wp-content\/uploads\/2015\/11\/oly_oil_robust_500ml_high-300x300.jpg\" data-large-file=\"https:\/\/www.olympiangreen.com.br\/wp-content\/uploads\/2015\/11\/oly_oil_robust_500ml_high-1024x1536.jpg\" class=\"alignleft wp-image-339\" src=\"https:\/\/www.olympiangreen.com.br\/wp-content\/uploads\/2015\/11\/oly_oil_robust_500ml_high-1024x1536.jpg\" alt=\"oly_oil_robust_500ml_high\" width=\"250\" height=\"375\" \/><span style=\"color: #99cc00;\"><strong>EVOO Olympian Green Oly Oil Robuste<br \/>\n<\/strong><\/span><\/h1>\n<p style=\"text-align: justify;\">Une huile d\u2019olive vierge extra exceptionnelle, robuste, cors\u00e9e et bien \u00e9quilibr\u00e9e, aux caract\u00e9ristiques intenses. 100 % issue de la vari\u00e9t\u00e9 robuste Koroneiki, cultiv\u00e9e dans les montagnes du P\u00e9loponn\u00e8se, en Gr\u00e8ce.\u2028Profitez de son caract\u00e8re vibrant, riche en ar\u00f4mes fruit\u00e9s, de sa finale poivr\u00e9e intense et de son go\u00fbt unique qui sublime les recettes allant du pain tremp\u00e9, aux vinaigrettes de salade, jusqu\u2019aux plats grill\u00e9s ou cuits au four. \u00c0 d\u00e9couvrir absolument !<\/p>\n<p><strong>PR\u00c9SENTATION CORPORATE OLYMPIAN GREEN\u2028Informations<\/strong> logistiques : OLYMPIAN GREEN EVOO ROBUSTE<\/p>\n<p style=\"text-align: right;\">sales contact : <a href=\"mailto:sales@olympiangreen.com\">sales@olympiangreen.com<\/a><\/p>\n<h1><span style=\"color: #acc02a;\"><img loading=\"lazy\" decoding=\"async\" data-attachment-id=\"503\" data-permalink=\"https:\/\/www.olympiangreen.com.br\/ourproducts\/extra-virgin-olive-oil\/oly_oil_earlyharvest_500ml_medium-2\/#main\" data-orig-file=\"https:\/\/www.olympiangreen.com.br\/wp-content\/uploads\/2015\/11\/oly_oil_earlyharvest_500ml_medium-1-e1476306468440.jpg\" data-orig-size=\"300,450\" data-comments-opened=\"0\" data-image-meta=\"{&quot;aperture&quot;:&quot;0&quot;,&quot;credit&quot;:&quot;&quot;,&quot;camera&quot;:&quot;&quot;,&quot;caption&quot;:&quot;&quot;,&quot;created_timestamp&quot;:&quot;0&quot;,&quot;copyright&quot;:&quot;&quot;,&quot;focal_length&quot;:&quot;0&quot;,&quot;iso&quot;:&quot;0&quot;,&quot;shutter_speed&quot;:&quot;0&quot;,&quot;title&quot;:&quot;&quot;,&quot;orientation&quot;:&quot;0&quot;}\" data-image-title=\"oly_oil_earlyharvest_500ml_medium\" data-image-description=\"\" data-image-caption=\"\" data-medium-file=\"https:\/\/www.olympiangreen.com.br\/wp-content\/uploads\/2015\/11\/oly_oil_earlyharvest_500ml_medium-1-300x300.jpg\" data-large-file=\"https:\/\/www.olympiangreen.com.br\/wp-content\/uploads\/2015\/11\/oly_oil_earlyharvest_500ml_medium-1-1024x1536.jpg\" class=\"wp-image-503 size-full alignleft\" src=\"https:\/\/www.olympiangreen.com.br\/wp-content\/uploads\/2015\/11\/oly_oil_earlyharvest_500ml_medium-1-e1476306468440.jpg\" alt=\"oly_oil_earlyharvest_500ml_medium\" width=\"300\" height=\"450\" \/>EVOO Olympian Green Oly Oil R\u00e9colte Pr\u00e9coce<br \/>\n<\/span><\/h1>\n<p>Une huile d\u2019olive vierge extra exceptionnelle, en quantit\u00e9 limit\u00e9e, produite \u00e0 partir d\u2019olives de la vari\u00e9t\u00e9 Koroneiki, r\u00e9colt\u00e9es de mani\u00e8re s\u00e9lective pendant une courte p\u00e9riode en novembre, dans des oliveraies situ\u00e9es dans les montagnes du P\u00e9loponn\u00e8se, en Gr\u00e8ce, puis press\u00e9e \u00e0 froid quelques heures apr\u00e8s la r\u00e9colte.\u2028Sa couleur verte \u00e9clatante et son ar\u00f4me caract\u00e9ristique en font une huile d\u2019olive de tr\u00e8s haute qualit\u00e9, id\u00e9ale pour assaisonner les salades ou accompagner le poisson grill\u00e9.<\/p>\n<p><strong>PR\u00c9SENTATION CORPORATE OLYMPIAN GREEN<\/strong><\/p>\n<p>Informations logistiques : OLYMPIAN GREEN EVOO R\u00c9COLTE PR\u00c9COCE<\/p>\n<p>Contact commercial : info@olympiangreen.com<\/p>\n<p style=\"text-align: right;\">sales contact : <a href=\"mailto:sales@olympiangreen.com\">sales@olympiangreen.com<\/a><\/p>\n","protected":false},"excerpt":{"rendered":"<p>EVOO Olympian Green Oly Oil Doux &amp; Fruit\u00e9 EVOO Olympian Green Oly Oil&#8230;<\/p>\n","protected":false},"author":1,"featured_media":0,"parent":879,"menu_order":2,"comment_status":"closed","ping_status":"closed","template":"page-templates\/fullwidth-page.php","meta":{"footnotes":""},"tags":[],"class_list":["post-884","page","type-page","status-publish","hentry","wow","fadeIn"],"jetpack_sharing_enabled":true,"_links":{"self":[{"href":"https:\/\/www.olympiangreen.com.br\/fr\/wp-json\/wp\/v2\/pages\/884","targetHints":{"allow":["GET"]}}],"collection":[{"href":"https:\/\/www.olympiangreen.com.br\/fr\/wp-json\/wp\/v2\/pages"}],"about":[{"href":"https:\/\/www.olympiangreen.com.br\/fr\/wp-json\/wp\/v2\/types\/page"}],"author":[{"embeddable":true,"href":"https:\/\/www.olympiangreen.com.br\/fr\/wp-json\/wp\/v2\/users\/1"}],"replies":[{"embeddable":true,"href":"https:\/\/www.olympiangreen.com.br\/fr\/wp-json\/wp\/v2\/comments?post=884"}],"version-history":[{"count":0,"href":"https:\/\/www.olympiangreen.com.br\/fr\/wp-json\/wp\/v2\/pages\/884\/revisions"}],"up":[{"embeddable":true,"href":"https:\/\/www.olympiangreen.com.br\/fr\/wp-json\/wp\/v2\/pages\/879"}],"wp:attachment":[{"href":"https:\/\/www.olympiangreen.com.br\/fr\/wp-json\/wp\/v2\/media?parent=884"}],"wp:term":[{"taxonomy":"post_tag","embeddable":true,"href":"https:\/\/www.olympiangreen.com.br\/fr\/wp-json\/wp\/v2\/tags?post=884"}],"curies":[{"name":"wp","href":"https:\/\/api.w.org\/{rel}","templated":true}]}}