{"id":872,"date":"2015-11-02T12:24:23","date_gmt":"2015-11-02T10:24:23","guid":{"rendered":"https:\/\/www.olympiangreen.com\/home\/"},"modified":"2025-07-15T13:49:57","modified_gmt":"2025-07-15T10:49:57","slug":"home","status":"publish","type":"page","link":"https:\/\/www.olympiangreen.com.br\/fr\/","title":{"rendered":"Mansion"},"content":{"rendered":"\n<h1 class=\"wp-block-heading\">&nbsp;<span style=\"color: #99cc00;\">Notre histoire<\/span><\/h1>\n\n\n\n<p>Nos racines se trouvent dans la terre historique de l\u2019Ancienne Olympie, l\u00e0 o\u00f9 a commenc\u00e9 pour nous la production d\u2019huile d\u2019olive extra vierge. <span lang=\"EL\">Gr\u00e2ce \u00e0 une expertise et une passion grandissantes, nous avons hiss\u00e9 l\u2019huile d\u2019olive extra vierge grecque \u00e0 un niveau sup\u00e9rieur, en formant un partenariat strat\u00e9gique avec l\u2019un des moulins les plus avanc\u00e9s du P\u00e9loponn\u00e8se occidental \u2014 enti\u00e8rement certifi\u00e9 et pr\u00eat \u00e0 r\u00e9pondre \u00e0 la demande mondiale. Aujourd\u2019hui, nous d\u00e9veloppons notre activit\u00e9 en renfor\u00e7ant notre marque et en ajoutant de nouveaux produits d\u2019huile d\u2019olive d\u2019exception venus de toute la Gr\u00e8ce, avec pour ambition de les faire rayonner sur le march\u00e9 international. Olympian Green incarne la puret\u00e9 de nos produits, notre fid\u00e9lit\u00e9 \u00e0 l\u2019h\u00e9ritage grec, ainsi que notre expertise en affaires et en innovation technologique<\/span>.<\/p>\n<h1 class=\"wp-block-heading\"><strong>D\u00e9claration de mission<\/strong><\/h1>\n\n\n\n<p>Nous souhaitons voir le monde se rapprocher du mode de vie m\u00e9diterran\u00e9en, en faisant des choix alimentaires plus naturels, savoureux et sains dans leur quotidien.<br>pian Green.<\/p>\n\n\n\n<h1 class=\"wp-block-heading\"><span style=\"color: #99cc00;\"><strong><strong>Une passion pour ce que nous faisons.<\/strong><br><\/strong><\/span><\/h1>\n\n\n\n<p>\u00catre un partenaire de confiance et un fournisseur fiable pour nos clients \u00e0 travers le monde.<br>Se concentrer sur la production d\u2019une huile d\u2019olive extra vierge sup\u00e9rieure, tout en respectant toujours les besoins de nos clients.<br>Atteindre l\u2019excellence dans l\u2019ensemble de nos produits.<\/p>\n\n\n\n<h1 class=\"wp-block-heading\"><span style=\"color: #99cc00;\">Certifications<\/span><\/h1>\n\n\n<div class=\"wp-block-image\">\n<figure class=\"alignleft\"><img loading=\"lazy\" decoding=\"async\" width=\"100\" height=\"137\" data-attachment-id=\"628\" data-permalink=\"https:\/\/www.olympiangreen.com.br\/company\/bio-hellas\/#main\" data-orig-file=\"https:\/\/www.olympiangreen.com.br\/wp-content\/uploads\/2015\/11\/bio-hellas-e1476342280578.png\" data-orig-size=\"100,137\" data-comments-opened=\"0\" data-image-meta=\"{&quot;aperture&quot;:&quot;0&quot;,&quot;credit&quot;:&quot;&quot;,&quot;camera&quot;:&quot;&quot;,&quot;caption&quot;:&quot;&quot;,&quot;created_timestamp&quot;:&quot;0&quot;,&quot;copyright&quot;:&quot;&quot;,&quot;focal_length&quot;:&quot;0&quot;,&quot;iso&quot;:&quot;0&quot;,&quot;shutter_speed&quot;:&quot;0&quot;,&quot;title&quot;:&quot;&quot;,&quot;orientation&quot;:&quot;0&quot;}\" data-image-title=\"bio-hellas\" data-image-description=\"\" data-image-caption=\"\" data-medium-file=\"https:\/\/www.olympiangreen.com.br\/wp-content\/uploads\/2015\/11\/bio-hellas-300x300.png\" data-large-file=\"https:\/\/www.olympiangreen.com.br\/wp-content\/uploads\/2015\/11\/bio-hellas-e1476342280578.png\" src=\"https:\/\/www.olympiangreen.com.br\/wp-content\/uploads\/2015\/11\/bio-hellas-e1476342280578.png\" alt=\"bio-hellas\" class=\"wp-image-628\"\/><\/figure><\/div>\n\n<div class=\"wp-block-image\">\n<figure class=\"alignleft\"><img loading=\"lazy\" decoding=\"async\" width=\"100\" height=\"100\" data-attachment-id=\"397\" data-permalink=\"https:\/\/www.olympiangreen.com.br\/ourproducts\/organic\/organic4colorsealgif\/#main\" data-orig-file=\"https:\/\/www.olympiangreen.com.br\/wp-content\/uploads\/2015\/11\/Organic4colorsealGIF.gif\" data-orig-size=\"1816,1816\" data-comments-opened=\"0\" data-image-meta=\"{&quot;aperture&quot;:&quot;0&quot;,&quot;credit&quot;:&quot;&quot;,&quot;camera&quot;:&quot;&quot;,&quot;caption&quot;:&quot;&quot;,&quot;created_timestamp&quot;:&quot;0&quot;,&quot;copyright&quot;:&quot;&quot;,&quot;focal_length&quot;:&quot;0&quot;,&quot;iso&quot;:&quot;0&quot;,&quot;shutter_speed&quot;:&quot;0&quot;,&quot;title&quot;:&quot;&quot;,&quot;orientation&quot;:&quot;0&quot;}\" data-image-title=\"Organic4colorsealGIF\" data-image-description=\"\" data-image-caption=\"\" data-medium-file=\"https:\/\/www.olympiangreen.com.br\/wp-content\/uploads\/2015\/11\/Organic4colorsealGIF-300x300.gif\" data-large-file=\"https:\/\/www.olympiangreen.com.br\/wp-content\/uploads\/2015\/11\/Organic4colorsealGIF-1024x1024.gif\" src=\"https:\/\/www.olympiangreen.com.br\/wp-content\/uploads\/2015\/11\/Organic4colorsealGIF-100x100.gif\" alt=\"Organic4colorsealGIF\" class=\"wp-image-397\" srcset=\"https:\/\/www.olympiangreen.com.br\/wp-content\/uploads\/2015\/11\/Organic4colorsealGIF-100x100.gif 100w, https:\/\/www.olympiangreen.com.br\/wp-content\/uploads\/2015\/11\/Organic4colorsealGIF-300x300.gif 300w, https:\/\/www.olympiangreen.com.br\/wp-content\/uploads\/2015\/11\/Organic4colorsealGIF-768x768.gif 768w, https:\/\/www.olympiangreen.com.br\/wp-content\/uploads\/2015\/11\/Organic4colorsealGIF-1024x1024.gif 1024w, https:\/\/www.olympiangreen.com.br\/wp-content\/uploads\/2015\/11\/Organic4colorsealGIF-150x150.gif 150w, https:\/\/www.olympiangreen.com.br\/wp-content\/uploads\/2015\/11\/Organic4colorsealGIF-750x750.gif 750w\" sizes=\"auto, (max-width: 100px) 100vw, 100px\" \/><\/figure><\/div>\n\n<div class=\"wp-block-image\">\n<figure class=\"alignleft\"><img loading=\"lazy\" decoding=\"async\" width=\"100\" height=\"100\" data-attachment-id=\"524\" data-permalink=\"https:\/\/www.olympiangreen.com.br\/ourproducts\/pdo-extra-virgin-olive-oil\/pdo-logo-svg_\/#main\" data-orig-file=\"https:\/\/www.olympiangreen.com.br\/wp-content\/uploads\/2016\/10\/PDO-Logo.svg_.png\" data-orig-size=\"1024,1024\" data-comments-opened=\"0\" data-image-meta=\"{&quot;aperture&quot;:&quot;0&quot;,&quot;credit&quot;:&quot;&quot;,&quot;camera&quot;:&quot;&quot;,&quot;caption&quot;:&quot;&quot;,&quot;created_timestamp&quot;:&quot;0&quot;,&quot;copyright&quot;:&quot;&quot;,&quot;focal_length&quot;:&quot;0&quot;,&quot;iso&quot;:&quot;0&quot;,&quot;shutter_speed&quot;:&quot;0&quot;,&quot;title&quot;:&quot;&quot;,&quot;orientation&quot;:&quot;0&quot;}\" data-image-title=\"pdo-logo-svg_\" data-image-description=\"\" data-image-caption=\"\" data-medium-file=\"https:\/\/www.olympiangreen.com.br\/wp-content\/uploads\/2016\/10\/PDO-Logo.svg_-300x300.png\" data-large-file=\"https:\/\/www.olympiangreen.com.br\/wp-content\/uploads\/2016\/10\/PDO-Logo.svg_-1024x1024.png\" src=\"https:\/\/www.olympiangreen.com.br\/wp-content\/uploads\/2016\/10\/PDO-Logo.svg_-100x100.png\" alt=\"pdo-logo-svg_\" class=\"wp-image-524\" srcset=\"https:\/\/www.olympiangreen.com.br\/wp-content\/uploads\/2016\/10\/PDO-Logo.svg_-100x100.png 100w, https:\/\/www.olympiangreen.com.br\/wp-content\/uploads\/2016\/10\/PDO-Logo.svg_-300x300.png 300w, https:\/\/www.olympiangreen.com.br\/wp-content\/uploads\/2016\/10\/PDO-Logo.svg_-768x768.png 768w, https:\/\/www.olympiangreen.com.br\/wp-content\/uploads\/2016\/10\/PDO-Logo.svg_.png 1024w, https:\/\/www.olympiangreen.com.br\/wp-content\/uploads\/2016\/10\/PDO-Logo.svg_-150x150.png 150w, https:\/\/www.olympiangreen.com.br\/wp-content\/uploads\/2016\/10\/PDO-Logo.svg_-750x750.png 750w\" sizes=\"auto, (max-width: 100px) 100vw, 100px\" \/><\/figure><\/div>\n\n<div class=\"wp-block-image\">\n<figure class=\"alignleft\"><img loading=\"lazy\" decoding=\"async\" width=\"100\" height=\"100\" data-attachment-id=\"525\" data-permalink=\"https:\/\/www.olympiangreen.com.br\/ourproducts\/pdo-extra-virgin-olive-oil\/agrocert-certificate\/#main\" data-orig-file=\"https:\/\/www.olympiangreen.com.br\/wp-content\/uploads\/2016\/10\/agrocert-certificate.jpg\" data-orig-size=\"295,197\" data-comments-opened=\"0\" data-image-meta=\"{&quot;aperture&quot;:&quot;0&quot;,&quot;credit&quot;:&quot;&quot;,&quot;camera&quot;:&quot;&quot;,&quot;caption&quot;:&quot;&quot;,&quot;created_timestamp&quot;:&quot;0&quot;,&quot;copyright&quot;:&quot;&quot;,&quot;focal_length&quot;:&quot;0&quot;,&quot;iso&quot;:&quot;0&quot;,&quot;shutter_speed&quot;:&quot;0&quot;,&quot;title&quot;:&quot;&quot;,&quot;orientation&quot;:&quot;0&quot;}\" data-image-title=\"agrocert-certificate\" data-image-description=\"\" data-image-caption=\"\" data-medium-file=\"https:\/\/www.olympiangreen.com.br\/wp-content\/uploads\/2016\/10\/agrocert-certificate.jpg\" data-large-file=\"https:\/\/www.olympiangreen.com.br\/wp-content\/uploads\/2016\/10\/agrocert-certificate.jpg\" src=\"https:\/\/www.olympiangreen.com.br\/wp-content\/uploads\/2016\/10\/agrocert-certificate-100x100.jpg\" alt=\"agrocert-certificate\" class=\"wp-image-525\" srcset=\"https:\/\/www.olympiangreen.com.br\/wp-content\/uploads\/2016\/10\/agrocert-certificate-100x100.jpg 100w, https:\/\/www.olympiangreen.com.br\/wp-content\/uploads\/2016\/10\/agrocert-certificate-150x150.jpg 150w\" sizes=\"auto, (max-width: 100px) 100vw, 100px\" \/><\/figure><\/div>\n\n<div class=\"wp-block-image\">\n<figure class=\"alignleft\"><img loading=\"lazy\" decoding=\"async\" width=\"100\" height=\"100\" data-attachment-id=\"181\" data-permalink=\"https:\/\/www.olympiangreen.com.br\/ourproducts\/organic\/lg_organic\/#main\" data-orig-file=\"https:\/\/www.olympiangreen.com.br\/wp-content\/uploads\/2015\/11\/lg_organic.png\" data-orig-size=\"150,150\" data-comments-opened=\"0\" data-image-meta=\"{&quot;aperture&quot;:&quot;0&quot;,&quot;credit&quot;:&quot;&quot;,&quot;camera&quot;:&quot;&quot;,&quot;caption&quot;:&quot;&quot;,&quot;created_timestamp&quot;:&quot;0&quot;,&quot;copyright&quot;:&quot;&quot;,&quot;focal_length&quot;:&quot;0&quot;,&quot;iso&quot;:&quot;0&quot;,&quot;shutter_speed&quot;:&quot;0&quot;,&quot;title&quot;:&quot;&quot;,&quot;orientation&quot;:&quot;0&quot;}\" data-image-title=\"lg_organic\" data-image-description=\"\" data-image-caption=\"\" data-medium-file=\"https:\/\/www.olympiangreen.com.br\/wp-content\/uploads\/2015\/11\/lg_organic.png\" data-large-file=\"https:\/\/www.olympiangreen.com.br\/wp-content\/uploads\/2015\/11\/lg_organic.png\" src=\"https:\/\/www.olympiangreen.com.br\/wp-content\/uploads\/2015\/11\/lg_organic-100x100.png\" alt=\"lg_organic\" class=\"wp-image-181\" srcset=\"https:\/\/www.olympiangreen.com.br\/wp-content\/uploads\/2015\/11\/lg_organic-100x100.png 100w, https:\/\/www.olympiangreen.com.br\/wp-content\/uploads\/2015\/11\/lg_organic.png 150w\" sizes=\"auto, (max-width: 100px) 100vw, 100px\" \/><\/figure><\/div>\n\n\n<p><\/p>\n\n\n<div class=\"wp-block-image\">\n<figure class=\"alignleft\"><img loading=\"lazy\" decoding=\"async\" width=\"100\" height=\"151\" data-attachment-id=\"1580\" data-permalink=\"https:\/\/www.olympiangreen.com.br\/certifications\/brc-3\/#main\" data-orig-file=\"https:\/\/www.olympiangreen.com.br\/wp-content\/uploads\/2018\/11\/BRC-2-e1545909449282.jpg\" data-orig-size=\"100,151\" data-comments-opened=\"0\" data-image-meta=\"{&quot;aperture&quot;:&quot;0&quot;,&quot;credit&quot;:&quot;&quot;,&quot;camera&quot;:&quot;&quot;,&quot;caption&quot;:&quot;&quot;,&quot;created_timestamp&quot;:&quot;0&quot;,&quot;copyright&quot;:&quot;&quot;,&quot;focal_length&quot;:&quot;0&quot;,&quot;iso&quot;:&quot;0&quot;,&quot;shutter_speed&quot;:&quot;0&quot;,&quot;title&quot;:&quot;&quot;,&quot;orientation&quot;:&quot;0&quot;}\" data-image-title=\"BRC\" data-image-description=\"\" data-image-caption=\"\" data-medium-file=\"https:\/\/www.olympiangreen.com.br\/wp-content\/uploads\/2018\/11\/BRC-2-e1545909449282.jpg\" data-large-file=\"https:\/\/www.olympiangreen.com.br\/wp-content\/uploads\/2018\/11\/BRC-2-e1545909449282.jpg\" src=\"https:\/\/www.olympiangreen.com.br\/wp-content\/uploads\/2018\/11\/BRC-2-e1545909449282.jpg\" alt=\"\" class=\"wp-image-1580\"\/><\/figure><\/div>\n\n\n<p><\/p>\n\n\n\n<p>&nbsp;<\/p>\n\n\n\n<figure class=\"wp-block-image\"><img loading=\"lazy\" decoding=\"async\" width=\"100\" height=\"75\" data-attachment-id=\"1582\" data-permalink=\"https:\/\/www.olympiangreen.com.br\/certifications\/ifs-food-logo-2\/#main\" data-orig-file=\"https:\/\/www.olympiangreen.com.br\/wp-content\/uploads\/2018\/11\/ifs-food-logo-1-e1545909476275.jpg\" data-orig-size=\"100,75\" data-comments-opened=\"0\" data-image-meta=\"{&quot;aperture&quot;:&quot;0&quot;,&quot;credit&quot;:&quot;&quot;,&quot;camera&quot;:&quot;&quot;,&quot;caption&quot;:&quot;&quot;,&quot;created_timestamp&quot;:&quot;0&quot;,&quot;copyright&quot;:&quot;&quot;,&quot;focal_length&quot;:&quot;0&quot;,&quot;iso&quot;:&quot;0&quot;,&quot;shutter_speed&quot;:&quot;0&quot;,&quot;title&quot;:&quot;&quot;,&quot;orientation&quot;:&quot;1&quot;}\" data-image-title=\"ifs-food-logo\" data-image-description=\"\" data-image-caption=\"\" data-medium-file=\"https:\/\/www.olympiangreen.com.br\/wp-content\/uploads\/2018\/11\/ifs-food-logo-1-300x300.jpg\" data-large-file=\"https:\/\/www.olympiangreen.com.br\/wp-content\/uploads\/2018\/11\/ifs-food-logo-1-e1545909476275.jpg\" src=\"https:\/\/www.olympiangreen.com.br\/wp-content\/uploads\/2018\/11\/ifs-food-logo-1-e1545909476275.jpg\" alt=\"\" class=\"wp-image-1582\"\/><\/figure>\n\n\n\n<p><\/p>\n\n\n\n<p>&nbsp;<\/p>\n\n\n\n<p>&nbsp;<\/p>\n\n\n\n<p>&nbsp;<\/p>\n\n\n<div class=\"wp-block-image\">\n<figure class=\"aligncenter size-full\"><img loading=\"lazy\" decoding=\"async\" width=\"577\" height=\"202\" data-attachment-id=\"1951\" data-permalink=\"https:\/\/www.olympiangreen.com.br\/home\/photo2323\/#main\" data-orig-file=\"https:\/\/www.olympiangreen.com.br\/wp-content\/uploads\/2019\/02\/PHOTO2323.png\" data-orig-size=\"577,202\" data-comments-opened=\"0\" data-image-meta=\"{&quot;aperture&quot;:&quot;0&quot;,&quot;credit&quot;:&quot;&quot;,&quot;camera&quot;:&quot;&quot;,&quot;caption&quot;:&quot;&quot;,&quot;created_timestamp&quot;:&quot;0&quot;,&quot;copyright&quot;:&quot;&quot;,&quot;focal_length&quot;:&quot;0&quot;,&quot;iso&quot;:&quot;0&quot;,&quot;shutter_speed&quot;:&quot;0&quot;,&quot;title&quot;:&quot;&quot;,&quot;orientation&quot;:&quot;0&quot;}\" data-image-title=\"PHOTO2323\" data-image-description=\"\" data-image-caption=\"\" data-medium-file=\"https:\/\/www.olympiangreen.com.br\/wp-content\/uploads\/2019\/02\/PHOTO2323-300x202.png\" data-large-file=\"https:\/\/www.olympiangreen.com.br\/wp-content\/uploads\/2019\/02\/PHOTO2323.png\" src=\"https:\/\/www.olympiangreen.com.br\/wp-content\/uploads\/2019\/02\/PHOTO2323.png\" alt=\"\" class=\"wp-image-1951\" srcset=\"https:\/\/www.olympiangreen.com.br\/wp-content\/uploads\/2019\/02\/PHOTO2323.png 577w, https:\/\/www.olympiangreen.com.br\/wp-content\/uploads\/2019\/02\/PHOTO2323-286x100.png 286w\" sizes=\"auto, (max-width: 577px) 100vw, 577px\" \/><\/figure><\/div>","protected":false},"excerpt":{"rendered":"<p>&nbsp;Notre histoire Nos racines se trouvent dans la terre historique de l\u2019Ancienne Olympie,&#8230;<\/p>\n","protected":false},"author":2,"featured_media":11446,"parent":0,"menu_order":-100,"comment_status":"closed","ping_status":"closed","template":"page-templates\/fullwidth-page.php","meta":{"footnotes":""},"tags":[],"class_list":["post-872","page","type-page","status-publish","has-post-thumbnail","hentry","wow","fadeIn"],"jetpack_sharing_enabled":true,"_links":{"self":[{"href":"https:\/\/www.olympiangreen.com.br\/fr\/wp-json\/wp\/v2\/pages\/872","targetHints":{"allow":["GET"]}}],"collection":[{"href":"https:\/\/www.olympiangreen.com.br\/fr\/wp-json\/wp\/v2\/pages"}],"about":[{"href":"https:\/\/www.olympiangreen.com.br\/fr\/wp-json\/wp\/v2\/types\/page"}],"author":[{"embeddable":true,"href":"https:\/\/www.olympiangreen.com.br\/fr\/wp-json\/wp\/v2\/users\/2"}],"replies":[{"embeddable":true,"href":"https:\/\/www.olympiangreen.com.br\/fr\/wp-json\/wp\/v2\/comments?post=872"}],"version-history":[{"count":0,"href":"https:\/\/www.olympiangreen.com.br\/fr\/wp-json\/wp\/v2\/pages\/872\/revisions"}],"wp:featuredmedia":[{"embeddable":true,"href":"https:\/\/www.olympiangreen.com.br\/fr\/wp-json\/wp\/v2\/media\/11446"}],"wp:attachment":[{"href":"https:\/\/www.olympiangreen.com.br\/fr\/wp-json\/wp\/v2\/media?parent=872"}],"wp:term":[{"taxonomy":"post_tag","embeddable":true,"href":"https:\/\/www.olympiangreen.com.br\/fr\/wp-json\/wp\/v2\/tags?post=872"}],"curies":[{"name":"wp","href":"https:\/\/api.w.org\/{rel}","templated":true}]}}