{"id":1060,"date":"2017-05-22T10:01:07","date_gmt":"2017-05-22T07:01:07","guid":{"rendered":"https:\/\/www.olympiangreen.com\/education\/10-things-you-probably-believe-for-olive-oils-and-are-not-correct\/"},"modified":"2025-07-07T13:25:55","modified_gmt":"2025-07-07T10:25:55","slug":"10-things-you-probably-believe-for-olive-oils-and-are-not-correct","status":"publish","type":"page","link":"https:\/\/www.olympiangreen.com.br\/fr\/education\/10-things-you-probably-believe-for-olive-oils-and-are-not-correct\/","title":{"rendered":"10 id\u00e9es re\u00e7ues sur l\u2019huile d\u2019olive qui sont fausses!"},"content":{"rendered":"<p class=\"p1\"><span class=\"s1\"><b>10 id\u00e9es re\u00e7ues sur l\u2019huile d\u2019olive qui sont fausses!<\/b><\/span><\/p>\n<p class=\"p2\"><span class=\"s1\"><b><span class=\"Apple-converted-space\"> <img loading=\"lazy\" decoding=\"async\" data-attachment-id=\"973\" data-permalink=\"https:\/\/www.olympiangreen.com.br\/education\/10-things-you-probably-believe-for-olive-oils-and-are-not-correct\/olive-oil\/#main\" data-orig-file=\"https:\/\/www.olympiangreen.com.br\/wp-content\/uploads\/2017\/05\/olive-oil.jpg\" data-orig-size=\"840,567\" data-comments-opened=\"0\" data-image-meta=\"{&quot;aperture&quot;:&quot;0&quot;,&quot;credit&quot;:&quot;&quot;,&quot;camera&quot;:&quot;&quot;,&quot;caption&quot;:&quot;&quot;,&quot;created_timestamp&quot;:&quot;0&quot;,&quot;copyright&quot;:&quot;&quot;,&quot;focal_length&quot;:&quot;0&quot;,&quot;iso&quot;:&quot;0&quot;,&quot;shutter_speed&quot;:&quot;0&quot;,&quot;title&quot;:&quot;&quot;,&quot;orientation&quot;:&quot;0&quot;}\" data-image-title=\"olive oil\" data-image-description=\"\" data-image-caption=\"\" data-medium-file=\"https:\/\/www.olympiangreen.com.br\/wp-content\/uploads\/2017\/05\/olive-oil-300x300.jpg\" data-large-file=\"https:\/\/www.olympiangreen.com.br\/wp-content\/uploads\/2017\/05\/olive-oil.jpg\" class=\"alignnone size-medium wp-image-973\" src=\"https:\/\/www.olympiangreen.com.br\/wp-content\/uploads\/2017\/05\/olive-oil-300x300.jpg\" alt=\"\" width=\"300\" height=\"300\" srcset=\"https:\/\/www.olympiangreen.com.br\/wp-content\/uploads\/2017\/05\/olive-oil-300x300.jpg 300w, https:\/\/www.olympiangreen.com.br\/wp-content\/uploads\/2017\/05\/olive-oil-100x100.jpg 100w, https:\/\/www.olympiangreen.com.br\/wp-content\/uploads\/2017\/05\/olive-oil-150x150.jpg 150w\" sizes=\"auto, (max-width: 300px) 100vw, 300px\" \/><\/span><\/b><\/span><\/p>\n<p class=\"p1\"><span class=\"s1\"><b>1. Toutes les huiles issues des olives sont \u00e9galement saines<\/b><br \/>\nFaux. Toutes les huiles issues des olives ne sont pas aussi bonnes pour la sant\u00e9. Certaines, comme l\u2019huile de grignons, ont subi un traitement chimique qui d\u00e9truit une grande partie de leurs composants b\u00e9n\u00e9fiques.<\/span><\/p>\n<p class=\"p1\"><span class=\"s1\"><b>2. L\u2019huile d\u2019olive vierge extra est la seule huile saine<\/b><br \/>\nL\u2019huile d\u2019olive vierge extra est la plus saine, certes, mais cela ne signifie pas que l\u2019huile d\u2019olive vierge ne l\u2019est pas du tout. Elle est simplement un peu moins riche en bienfaits.<\/span><\/p>\n<p class=\"p1\"><span class=\"s1\"><b>3. On reconna\u00eet une bonne huile d\u2019olive \u00e0 sa couleur<\/b><br \/>\nLa couleur de l\u2019huile d\u00e9pend de la vari\u00e9t\u00e9 d\u2019olive, de la r\u00e9gion de culture, etc. Juger la qualit\u00e9 d\u2019une huile uniquement par sa couleur n\u2019est pas fiable sans conna\u00eetre ces \u00e9l\u00e9ments.<\/span><\/p>\n<p class=\"p1\"><span class=\"s1\"><b>4. On reconna\u00eet une bonne huile d\u2019olive \u00e0 son prix<\/b><br \/>\nComme pour de nombreux produits, une partie du prix refl\u00e8te l\u2019emballage. Une m\u00eame huile peut co\u00fbter plus cher simplement parce qu\u2019elle est dans un flacon de luxe. Donc le prix n\u2019est pas un crit\u00e8re de qualit\u00e9 en soi.<\/span><\/p>\n<p class=\"p1\"><span class=\"s1\"><b>5. On peut conserver l\u2019huile d\u2019olive sur le plan de travail<\/b><br \/>\nFaux. Conserver l\u2019huile \u00e0 c\u00f4t\u00e9 d\u2019une source de chaleur (comme un four) ou \u00e0 la lumi\u00e8re directe du soleil alt\u00e8re progressivement sa composition. Il est pr\u00e9f\u00e9rable de la conserver dans un placard, \u00e0 l\u2019abri de la lumi\u00e8re et dans un contenant fonc\u00e9 ou opaque.<\/span><\/p>\n<p class=\"p1\"><span class=\"s1\"><b>6. L\u2019huile d\u2019olive ne convient pas pour la friture<\/b><br \/>\nL\u2019huile d\u2019olive vierge extra, gr\u00e2ce \u00e0 sa richesse en antioxydants (notamment les polyph\u00e9nols), reste stable jusqu\u2019\u00e0 environ 200 \u00b0C. Or, la plupart des fritures se font en dessous de cette temp\u00e9rature. Elle convient donc tr\u00e8s bien \u00e0 la friture.<\/span><\/p>\n<p class=\"p1\"><span class=\"s1\"><b>7. L\u2019huile d\u2019olive ne supporte pas le froid<\/b><br \/>\n\u00c0 basse temp\u00e9rature, il est courant que l\u2019huile d\u2019olive devienne trouble. C\u2019est parfaitement normal et cela n\u2019alt\u00e8re ni sa qualit\u00e9 ni ses propri\u00e9t\u00e9s nutritionnelles. Il suffit de la laisser revenir \u00e0 temp\u00e9rature ambiante.<\/span><\/p>\n<p class=\"p1\"><span class=\"s1\"><b>8. Les \u00e9tiquettes des bouteilles d\u2019huile d\u2019olive ne sont pas assez informatives<\/b><br \/>\nM\u00eame si elles ne donnent pas tous les d\u00e9tails, les \u00e9tiquettes fournissent des informations importantes : si l\u2019huile est bio ou non, sa cat\u00e9gorie de qualit\u00e9, sa r\u00e9gion d\u2019origine, la vari\u00e9t\u00e9 d\u2019olives utilis\u00e9e, la date limite de consommation, etc.<\/span><\/p>\n<p class=\"p1\"><span class=\"s1\"><b>9. On peut faire confiance aux \u00e9tiquettes si le distributeur est assez \u201cgrand\u201d<\/b><br \/>\nLes r\u00e9cents scandales d\u2019\u00e9tiquetage l\u2019ont montr\u00e9 : il ne faut jamais faire une confiance aveugle. Il est recommand\u00e9 de privil\u00e9gier des producteurs certifi\u00e9s, reconnus et prim\u00e9s, et de se m\u00e9fier des produits tr\u00e8s bon march\u00e9 qui promettent une qualit\u00e9 exceptionnelle.<\/span><\/p>\n<p class=\"p1\"><span class=\"s1\"><b>10. La date de p\u00e9remption n\u2019est pas importante<\/b><br \/>\nL\u2019huile d\u2019olive n\u2019a pas de \u201cdate limite de consommation\u201d stricte au sens sanitaire. Elle a plut\u00f4t une date de \u201cmeilleure consommation avant\u201d, qui indique quand ses qualit\u00e9s organoleptiques (go\u00fbt, ar\u00f4me) commencent \u00e0 se d\u00e9grader de fa\u00e7on notable, m\u00eame si elle reste propre \u00e0 la consommation.<\/span><\/p>\n","protected":false},"excerpt":{"rendered":"<p>10 id\u00e9es re\u00e7ues sur l\u2019huile d\u2019olive qui sont fausses! 1. Toutes les huiles&#8230;<\/p>\n","protected":false},"author":2,"featured_media":0,"parent":894,"menu_order":0,"comment_status":"closed","ping_status":"closed","template":"","meta":{"footnotes":""},"tags":[],"class_list":["post-1060","page","type-page","status-publish","hentry","wow","fadeIn"],"jetpack_sharing_enabled":true,"_links":{"self":[{"href":"https:\/\/www.olympiangreen.com.br\/fr\/wp-json\/wp\/v2\/pages\/1060","targetHints":{"allow":["GET"]}}],"collection":[{"href":"https:\/\/www.olympiangreen.com.br\/fr\/wp-json\/wp\/v2\/pages"}],"about":[{"href":"https:\/\/www.olympiangreen.com.br\/fr\/wp-json\/wp\/v2\/types\/page"}],"author":[{"embeddable":true,"href":"https:\/\/www.olympiangreen.com.br\/fr\/wp-json\/wp\/v2\/users\/2"}],"replies":[{"embeddable":true,"href":"https:\/\/www.olympiangreen.com.br\/fr\/wp-json\/wp\/v2\/comments?post=1060"}],"version-history":[{"count":0,"href":"https:\/\/www.olympiangreen.com.br\/fr\/wp-json\/wp\/v2\/pages\/1060\/revisions"}],"up":[{"embeddable":true,"href":"https:\/\/www.olympiangreen.com.br\/fr\/wp-json\/wp\/v2\/pages\/894"}],"wp:attachment":[{"href":"https:\/\/www.olympiangreen.com.br\/fr\/wp-json\/wp\/v2\/media?parent=1060"}],"wp:term":[{"taxonomy":"post_tag","embeddable":true,"href":"https:\/\/www.olympiangreen.com.br\/fr\/wp-json\/wp\/v2\/tags?post=1060"}],"curies":[{"name":"wp","href":"https:\/\/api.w.org\/{rel}","templated":true}]}}